{"id":86,"date":"2024-07-02T09:31:53","date_gmt":"2024-07-02T09:31:53","guid":{"rendered":"https:\/\/detektei-team24.com\/wordpress\/?page_id=86"},"modified":"2024-07-02T11:42:56","modified_gmt":"2024-07-02T11:42:56","slug":"detektei-hamburg-detektiv","status":"publish","type":"page","link":"https:\/\/detektei-team24.com\/wordpress\/deutschland\/detektei-hamburg-detektiv\/","title":{"rendered":"Detektei-Hamburg-Detektiv"},"content":{"rendered":"<p style=\"text-align: center;\"><span style=\"color: #006699;\"><strong><span style=\"font-size: 18pt;\">DIE DETEKTIVE DER DETEKTEI TEAM 24<br \/>\nSIND VOR ORT F\u00dcR SIE IM EINSATZ!<\/span><\/strong><\/span><\/p>\n<p style=\"text-align: center;\"><img loading=\"lazy\" decoding=\"async\" class=\"alignnone wp-image-87 size-full\" src=\"https:\/\/detektei-team24.com\/wordpress\/wp-content\/uploads\/2024\/07\/detektei_hamburg_detektiv.jpg\" alt=\"\" width=\"500\" height=\"176\" srcset=\"https:\/\/detektei-team24.com\/wordpress\/wp-content\/uploads\/2024\/07\/detektei_hamburg_detektiv.jpg 500w, https:\/\/detektei-team24.com\/wordpress\/wp-content\/uploads\/2024\/07\/detektei_hamburg_detektiv-300x106.jpg 300w\" sizes=\"auto, (max-width: 500px) 100vw, 500px\" \/><\/p>\n<p style=\"text-align: center;\"><span style=\"color: #006699; font-size: 14pt;\"><strong>WIR \u00dcBERZEUGEN DURCH PROFESSIONELLE BEWEISBESCHAFFUNG<\/strong><\/span><br \/>\n<span style=\"color: #006699; font-size: 14pt;\"><strong>UND GARANTIEREN ABSOLUTE DISKRETION!<\/strong><\/span><\/p>\n<p style=\"text-align: center;\"><span style=\"color: #006699;\"><strong><span style=\"font-size: 14pt;\">OPERATIVES EINSATZGEBIET DER DETEKTIVE DER DETEKTEI TEAM 24<br \/>\n<\/span><\/strong><\/span><span style=\"color: #006699; font-size: 14pt;\"><strong><em>&#8211; DIE HANSESTADT HAMBURG* IM NORDEN DER REPUBLIK &#8211;<\/em><\/strong><\/span><\/p>\n<p>Die Freie und Hansestadt Hamburg, Stadt und Bundesland zugleich beherbergt fast 1,9 Millionen Einwohner und ist somit die zweitgr\u00f6\u00dfte Stadt Deutschlands.<\/p>\n<p>Die Detektive der Detektei Team 24 wurden beauftragt, den Sachverhalt einer ehe\u00e4hnlichen Gemeinschaft in Hamburg aufzudecken. Hintergrund waren erhebliche Unterhaltszahlungen des Mandaten, welcher dieser an seine in Hamburg wohnenden Nochehefrau zahlen musste, obwohl diese, davon war der Klient \u00fcberzeugt, wieder mit einem neuen Lebenspartner im Hamburger Stadtteil Altona zusammenwohnte. Die Detektive der Detektei Team 24 planten nach kurzer Vorlaufzeit zusammen mit ihren Kollegen aus Hamburg die Observation \u00fcber einen Zeitraum von mehreren Wochen mit Unterbrechungen. Die Ermittler konnten der Hamburgerin eindeutig nachweisen, dass diese zusammen mit ihrem neuen Partner in einer ehe\u00e4hnlichen Gemeinschaft in Hamburg lebt. Der Mandant der Detektei Team 24 kann sich nun erhebliche Unterhaltskosten sparen.<\/p>\n<p>Die Detektive und Detektivinnen der Detektei Team 24 sind zusammen mit ihren Kollegen mit besten Ortskenntnissen auch in Hamburg als erfolgreiches Ermittlerteam f\u00fcr Ihre Kunden im Einsatz.<\/p>\n<hr \/>\n<p><strong>*BETRIEBSST\u00c4TTENHINWEIS<\/strong><\/p>\n<p>Wir machen darauf aufmerksam, das es sich bei den im Internetauftritt von <span style=\"color: #006699;\"><a style=\"color: #006699;\" href=\"https:\/\/detektei-team24.com\/\">www.detektei-team24.com<\/a><\/span> aufgef\u00fchrten Einsatzgebieten und St\u00e4dten nicht um Firmensitze oder Niederlassungen handelt. Durch den Verzicht kostenaufw\u00e4ndiger B\u00fcros kommt Ihnen eine faire und kosteng\u00fcnstige Honorargestaltung zu Gute. Alle Eins\u00e4tze der Detektei werden von unserer Zentrale in Alzenau aus koordiniert und verwaltet. Ihnen entstehen bspw. keine Kosten f\u00fcr An- und Abfahrt, Foto- bzw. Videodokumentation. Ihr erfahrener Ansprechpartner wird Sie diskret und professionell zum Thema Detektivdienstleistung beraten.<\/p>\n<p style=\"text-align: center;\"><strong><span style=\"font-size: 14pt; color: #006699;\">DETEKTEI TEAM 24<\/span><\/strong><\/p>\n<p style=\"text-align: center;\"><strong><span style=\"font-size: 14pt; color: #006699;\">IHR ERMITTLUNGSPEZIALIST F\u00dcR <a style=\"color: #006699;\" title=\"Detektei-Hamburg-Detektiv\" href=\"https:\/\/detektei-team24.com\/wordpress\/deutschland\/detektei-hamburg-detektiv\/\">HAMBURG<\/a>* UND HANSESTADT UMGEBUNG !<\/span><\/strong><\/p>\n<p style=\"text-align: left;\"><img loading=\"lazy\" decoding=\"async\" class=\"size-full wp-image-51 alignright\" src=\"https:\/\/detektei-team24.com\/wordpress\/wp-content\/uploads\/2024\/07\/handshake.jpg\" alt=\"\" width=\"180\" height=\"120\" \/>Kostenlose Erstberatung und Einsch\u00e4tzung von einem unserer erfahrenen Detektive:<\/p>\n<p style=\"text-align: center;\"><a href=\"mailto:info@detektei-team24.com\">&#8211; Schnell-Kontakt via Email &#8211;<\/a><\/p>\n","protected":false},"excerpt":{"rendered":"<p>DIE DETEKTIVE DER DETEKTEI TEAM 24 SIND VOR ORT F\u00dcR SIE IM EINSATZ! WIR \u00dcBERZEUGEN DURCH PROFESSIONELLE BEWEISBESCHAFFUNG UND GARANTIEREN ABSOLUTE DISKRETION! OPERATIVES EINSATZGEBIET DER DETEKTIVE DER DETEKTEI TEAM 24 &#8211; DIE HANSESTADT HAMBURG* IM NORDEN DER REPUBLIK &#8211; Die Freie und Hansestadt Hamburg, Stadt und Bundesland zugleich beherbergt fast 1,9 Millionen Einwohner und ist&#8230;<\/p>\n","protected":false},"author":1,"featured_media":0,"parent":44,"menu_order":0,"comment_status":"closed","ping_status":"closed","template":"","meta":{"footnotes":""},"class_list":["post-86","page","type-page","status-publish","hentry"],"aioseo_notices":[],"_links":{"self":[{"href":"https:\/\/detektei-team24.com\/wordpress\/wp-json\/wp\/v2\/pages\/86","targetHints":{"allow":["GET"]}}],"collection":[{"href":"https:\/\/detektei-team24.com\/wordpress\/wp-json\/wp\/v2\/pages"}],"about":[{"href":"https:\/\/detektei-team24.com\/wordpress\/wp-json\/wp\/v2\/types\/page"}],"author":[{"embeddable":true,"href":"https:\/\/detektei-team24.com\/wordpress\/wp-json\/wp\/v2\/users\/1"}],"replies":[{"embeddable":true,"href":"https:\/\/detektei-team24.com\/wordpress\/wp-json\/wp\/v2\/comments?post=86"}],"version-history":[{"count":8,"href":"https:\/\/detektei-team24.com\/wordpress\/wp-json\/wp\/v2\/pages\/86\/revisions"}],"predecessor-version":[{"id":168,"href":"https:\/\/detektei-team24.com\/wordpress\/wp-json\/wp\/v2\/pages\/86\/revisions\/168"}],"up":[{"embeddable":true,"href":"https:\/\/detektei-team24.com\/wordpress\/wp-json\/wp\/v2\/pages\/44"}],"wp:attachment":[{"href":"https:\/\/detektei-team24.com\/wordpress\/wp-json\/wp\/v2\/media?parent=86"}],"curies":[{"name":"wp","href":"https:\/\/api.w.org\/{rel}","templated":true}]}}