{"id":671,"date":"2024-07-04T14:06:38","date_gmt":"2024-07-04T14:06:38","guid":{"rendered":"https:\/\/detektei-team24.com\/wordpress\/?page_id=671"},"modified":"2024-07-04T14:06:38","modified_gmt":"2024-07-04T14:06:38","slug":"personensuche-schuldnerermittlung","status":"publish","type":"page","link":"https:\/\/detektei-team24.com\/wordpress\/ermittlungsbereiche\/personensuche-schuldnerermittlung\/","title":{"rendered":"Personensuche deutschlandweit &#8211; weltweite Schuldnerermittlungen"},"content":{"rendered":"<p style=\"text-align: center;\"><strong><span style=\"font-size: 18pt; color: #006699;\">DETEKTEI F\u00dcR PERSONENSUCHEN BUNDESWEIT UND INTERNATIONAL<\/span><\/strong><\/p>\n<p style=\"text-align: center;\"><img loading=\"lazy\" decoding=\"async\" class=\"alignnone size-full wp-image-36\" src=\"https:\/\/detektei-team24.com\/wordpress\/wp-content\/uploads\/2024\/07\/personensuche-schuldnerermittlung.jpg\" alt=\"\" width=\"500\" height=\"333\" srcset=\"https:\/\/detektei-team24.com\/wordpress\/wp-content\/uploads\/2024\/07\/personensuche-schuldnerermittlung.jpg 500w, https:\/\/detektei-team24.com\/wordpress\/wp-content\/uploads\/2024\/07\/personensuche-schuldnerermittlung-300x200.jpg 300w\" sizes=\"auto, (max-width: 500px) 100vw, 500px\" \/><\/p>\n<p style=\"text-align: center;\"><span style=\"font-size: 14pt;\"><strong><span style=\"color: #006699;\">PERSONENSUCHE DEUTSCHLANDWEIT, WELTWEIT, SCHULDNERERMITTLUNGEN<\/span><\/strong><\/span><\/p>\n<p>Die Detektive der Detektei Team 24 \u00fcbernehmen im Auftrag unserer Kunden deutschlandweit und im Bedarfsfall auch weltweit Schuldnerermittlungen. Unsere Detektei verf\u00fcgt \u00fcber ein Netzwerk von professionell agierenden Detektiven, so dass auch im Segment die Ermittlungen auf h\u00f6chsten Niveau vorgenommen werden. Die Personensuche muss sich jedoch nicht allein auf die Ermittlungen bei s\u00e4umigen Zahlern erstrecken. So z\u00e4hlen exemplarisch auch vermisste Personen oder Erben zu dem Kreis, der in die intensiven Recherchen mit einbezogen wird.<\/p>\n<p style=\"text-align: center;\"><span style=\"font-size: 14pt; color: #006699;\"><strong>SCHULDNERSUCHE IM BENACHBARTEN AUSLAND<\/strong><\/span><\/p>\n<p>Ein bekanntes Warenhaus beauftragte die Detektive der Detektei Team 24 mit der Suche nach einem Schuldner. Dieser hatte M\u00f6bel im Wert von mehreren tausend Euro geordert und nicht bezahlt. An der vermeintlichen Anschrift der Zielperson stellten die Detektive der Detektei Team 24 fest, dass der Gl\u00e4ubiger dort nicht mehr wohnhaft war. Ermittlungen zufolge sei er ins benachbarte Ausland verzogen. Nach intensiven und aufwendigen Recherchen konnte dort tats\u00e4chlich die neue Adresse ausfindig gemacht werden. Die Detektive unserer detektei-team24 waren mit den \u00f6rtlichen Gegebenheiten sowie mit den rechtlichen Bedingungen des Landes bestens vertraut. Auch sprachliche Barrieren bestanden nicht. Eine diskret vorgenommene Anwohnerbefragung ergab, dass etwa vier Wochen zuvor ein neuer Mieter ins Haus gezogen war, der sein Mobiliar mit einer Spedition anliefern lie\u00df.<\/p>\n<p style=\"text-align: center;\"><span style=\"color: #006699;\"><strong>LEUGNEN WAR ZWECKLOS<\/strong><\/span><\/p>\n<p>Nachdem die Wohnung durch die besonders qualifizierten Detektive exakt eruiert werden konnte, konfrontierten sie die Zielperson mit den Tatvorw\u00fcrfen in seinen vier W\u00e4nden. Aufgrund der eindeutigen Beweislage kam diese zu der Einsicht, dass weiteres Leugnen zwecklos war. In seiner Wohnung entdeckten die Detektive der Detektei Team 24 Einrichtungsgegenst\u00e4nde, die zweifelsfrei aus der Bestellung bei unserem Mandanten stammten. S\u00e4mtliche Szenarien wurden minuti\u00f6s dokumentiert und erg\u00e4nzend mit Fotos unterst\u00fctzt. Dem Tatverd\u00e4chtigen wurde ein Ver\u00e4u\u00dferungsverbot der M\u00f6bel auferlegt, damit sich die Schadenssumme nicht noch erh\u00f6hen w\u00fcrde. Unsere Detektei \u00fcbermittelte dem Auftraggeber s\u00e4mtlich Fakten, die ladungsf\u00e4hige Anschrift und gerichtsverwertbaren Beweise. Dieser ist nun in der Lage, den R\u00fccktransport des Mobiliars zu veranlassen oder seine finanziellen Forderungen geltend zu machen.<\/p>\n<hr \/>\n<p style=\"text-align: center;\"><span style=\"color: #006699; font-size: 14pt;\"><strong>DETEKTEI TEAM 24<\/strong><\/span><\/p>\n<p style=\"text-align: center;\"><span style=\"color: #006699; font-size: 14pt;\"><strong>IHRE SPEZIALISTEN F\u00dcR <a href=\"https:\/\/detektei-team24.com\/wordpress\/deutschland\/\">DEUTSCHLANDWEITE<\/a> UND <a href=\"https:\/\/detektei-team24.com\/wordpress\/international\/\">INTERNATIONALE<\/a> ERMITTLUNGEN !<\/strong><\/span><\/p>\n<p><img loading=\"lazy\" decoding=\"async\" class=\"size-full wp-image-51 alignright\" src=\"https:\/\/detektei-team24.com\/wordpress\/wp-content\/uploads\/2024\/07\/handshake.jpg\" alt=\"\" width=\"180\" height=\"120\" \/>Kostenlose Erstberatung und Einsch\u00e4tzung von einem unserer erfahrenen Detektive:<\/p>\n<p style=\"text-align: center;\"><a href=\"mailto:info@detektei-team24.com\">&#8211; Schnell-Kontakt via Email &#8211;<\/a><\/p>\n","protected":false},"excerpt":{"rendered":"<p>DETEKTEI F\u00dcR PERSONENSUCHEN BUNDESWEIT UND INTERNATIONAL PERSONENSUCHE DEUTSCHLANDWEIT, WELTWEIT, SCHULDNERERMITTLUNGEN Die Detektive der Detektei Team 24 \u00fcbernehmen im Auftrag unserer Kunden deutschlandweit und im Bedarfsfall auch weltweit Schuldnerermittlungen. Unsere Detektei verf\u00fcgt \u00fcber ein Netzwerk von professionell agierenden Detektiven, so dass auch im Segment die Ermittlungen auf h\u00f6chsten Niveau vorgenommen werden. Die Personensuche muss sich jedoch&#8230;<\/p>\n","protected":false},"author":1,"featured_media":0,"parent":78,"menu_order":0,"comment_status":"closed","ping_status":"closed","template":"","meta":{"footnotes":""},"class_list":["post-671","page","type-page","status-publish","hentry"],"aioseo_notices":[],"_links":{"self":[{"href":"https:\/\/detektei-team24.com\/wordpress\/wp-json\/wp\/v2\/pages\/671","targetHints":{"allow":["GET"]}}],"collection":[{"href":"https:\/\/detektei-team24.com\/wordpress\/wp-json\/wp\/v2\/pages"}],"about":[{"href":"https:\/\/detektei-team24.com\/wordpress\/wp-json\/wp\/v2\/types\/page"}],"author":[{"embeddable":true,"href":"https:\/\/detektei-team24.com\/wordpress\/wp-json\/wp\/v2\/users\/1"}],"replies":[{"embeddable":true,"href":"https:\/\/detektei-team24.com\/wordpress\/wp-json\/wp\/v2\/comments?post=671"}],"version-history":[{"count":1,"href":"https:\/\/detektei-team24.com\/wordpress\/wp-json\/wp\/v2\/pages\/671\/revisions"}],"predecessor-version":[{"id":672,"href":"https:\/\/detektei-team24.com\/wordpress\/wp-json\/wp\/v2\/pages\/671\/revisions\/672"}],"up":[{"embeddable":true,"href":"https:\/\/detektei-team24.com\/wordpress\/wp-json\/wp\/v2\/pages\/78"}],"wp:attachment":[{"href":"https:\/\/detektei-team24.com\/wordpress\/wp-json\/wp\/v2\/media?parent=671"}],"curies":[{"name":"wp","href":"https:\/\/api.w.org\/{rel}","templated":true}]}}