{"id":63,"date":"2024-07-02T08:17:56","date_gmt":"2024-07-02T08:17:56","guid":{"rendered":"https:\/\/detektei-team24.com\/wordpress\/?page_id=63"},"modified":"2024-07-02T11:15:04","modified_gmt":"2024-07-02T11:15:04","slug":"detektei-frankfurt-detektiv","status":"publish","type":"page","link":"https:\/\/detektei-team24.com\/wordpress\/deutschland\/detektei-frankfurt-detektiv\/","title":{"rendered":"Detektei-Frankfurt-Detektiv"},"content":{"rendered":"<p style=\"text-align: center;\"><span style=\"color: #006699;\"><strong><span style=\"font-size: 18pt;\">DIE DETEKTIVE DER DETEKTEI TEAM 24<br \/>\nSIND VOR ORT F\u00dcR SIE IM EINSATZ!<\/span><\/strong><\/span><\/p>\n<p><img loading=\"lazy\" decoding=\"async\" class=\"wp-image-64 size-full aligncenter\" src=\"https:\/\/detektei-team24.com\/wordpress\/wp-content\/uploads\/2024\/07\/detektei_frankfurt_detektiv.jpg\" alt=\"\" width=\"500\" height=\"254\" srcset=\"https:\/\/detektei-team24.com\/wordpress\/wp-content\/uploads\/2024\/07\/detektei_frankfurt_detektiv.jpg 500w, https:\/\/detektei-team24.com\/wordpress\/wp-content\/uploads\/2024\/07\/detektei_frankfurt_detektiv-300x152.jpg 300w\" sizes=\"auto, (max-width: 500px) 100vw, 500px\" \/><\/p>\n<p style=\"text-align: center;\"><span style=\"color: #006699; font-size: 14pt;\"><strong>WIR \u00dcBERZEUGEN DURCH PROFESSIONELLE BEWEISBESCHAFFUNG<\/strong><\/span><br \/>\n<span style=\"color: #006699; font-size: 14pt;\"><strong>UND GARANTIEREN ABSOLUTE DISKRETION!<\/strong><\/span><\/p>\n<p style=\"text-align: center;\"><span style=\"color: #006699;\"><strong><span style=\"font-size: 14pt;\">OPERATIVES EINSATZGEBIET DER DETEKTIVE DER DETEKTEI TEAM 24<\/span><\/strong><\/span><br \/>\n<em><span style=\"color: #006699;\"><strong><span style=\"font-size: 14pt;\">&#8211; DIE PERLE AM MAIN, DER WIRTSCHAFTSSTANDORT FRANKFURT* &#8211;<\/span><\/strong><\/span><\/em><\/p>\n<p>Frankfurt am Main ist die gr\u00f6\u00dfte Stadt im Bundesland Hessen mit knapp einer dreiviertel Million Einwohnern. Seit dem Mittelalter ist die Stadt Frankfurt eine der bedeutendsten st\u00e4dtischen Zentren Deutschlands und heute ein wichtiger Finanzplatz und bedeutendes Dienstleistungs-, Messe- und Industriezentrum.<\/p>\n<p>Die Frankfurter Detektive der Detektei Team 24 wurden von einem Hotel im Bankenviertel \u201eWestend\u201c, ein Stadtteil von Frankfurt, kontaktiert. Zwei Mitarbeiter der hoteleigenen Bar wurden verd\u00e4chtigt, Belege nicht zu buchen und Barzahlungen der Kunden in die eigene Tasche wandern zu lassen. Zwei Ermittler aus Frankfurt begaben sich als G\u00e4ste, getarnt als Liebespaar, in die besagte Bar des Hotels. Akribisch beobachteten die beiden Detektive die Kellner, zeichneten alle servierten Getr\u00e4nke inkl. der Uhrzeit der Bestellung auf, eruierten wer bar zahlte usw. Anhand der Kassenabrechnung konnte die Gesch\u00e4ftsf\u00fchrung dann immense Differenzen feststellen. Zur Untermauerung der Beweise, setzte die Detektei Team 24 an zwei weiteren Tagen ihre Ermittler auf den Fall an. Die Detektive und Detektivinnen gingen wie oben beschrieben vor und auch hier konnte die Gesch\u00e4ftsf\u00fchrung des Frankfurter Hotels grobe Abweichungen in den Buchungen feststellen.<\/p>\n<p>Die Ermittler der Detektei Team 24 sind also aufgrund eines deutschlandweit renommierten Netzwerks an zertifizierten Detektiven und Detektivinnen auch in der wichtigen Wirtschaftsmetropole Frankfurt am Main f\u00fcr Ihre Kunden im Einsatz.<\/p>\n<hr \/>\n<p><strong>*BETRIEBSST\u00c4TTENHINWEIS<\/strong><\/p>\n<p>Wir machen darauf aufmerksam, das es sich bei den im Internetauftritt von <span style=\"color: #006699;\"><a style=\"color: #006699;\" href=\"https:\/\/detektei-team24.com\/\">www.detektei-team24.com<\/a><\/span> aufgef\u00fchrten Einsatzgebieten und St\u00e4dten nicht um Firmensitze oder Niederlassungen handelt. Durch den Verzicht kostenaufw\u00e4ndiger B\u00fcros kommt Ihnen eine faire und kosteng\u00fcnstige Honorargestaltung zu Gute. Alle Eins\u00e4tze der Detektei werden von unserer Zentrale in Alzenau aus koordiniert und verwaltet. Ihnen entstehen bspw. keine Kosten f\u00fcr An- und Abfahrt, Foto- bzw. Videodokumentation. Ihr erfahrener Ansprechpartner wird Sie diskret und professionell zum Thema Detektivdienstleistung beraten.<\/p>\n<p style=\"text-align: center;\"><span style=\"color: #006699; font-size: 14pt;\"><strong>DETEKTEI TEAM 24<\/strong><\/span><\/p>\n<p style=\"text-align: center;\"><span style=\"color: #006699; font-size: 14pt;\"><strong>IHR ERMITTLUNGSPEZIALIST F\u00dcR <span style=\"color: #006699;\"><a style=\"color: #006699;\" title=\"Detektei-Frankfurt-Detektiv\" href=\"https:\/\/detektei-team24.com\/wordpress\/deutschland\/detektei-frankfurt-detektiv\/\">FRANKFURT AM MAIN<\/a><\/span>* UND HESSEN !<\/strong><\/span><\/p>\n<p><strong style=\"color: #006699;\"><img loading=\"lazy\" decoding=\"async\" class=\"size-full wp-image-37 alignright\" src=\"http:\/\/burkhard-springorum.de\/wp-content\/uploads\/2024\/06\/handshake.jpg\" alt=\"\" width=\"180\" height=\"120\" \/><\/strong><\/p>\n<p>Kostenlose Erstberatung und Einsch\u00e4tzung von einem unserer erfahrenen Detektive:<\/p>\n<p style=\"text-align: center;\"><a href=\"mailto:info@detektei-team24.com\">&#8211; Schnell-Kontakt via Email &#8211;<\/a><\/p>\n","protected":false},"excerpt":{"rendered":"<p>DIE DETEKTIVE DER DETEKTEI TEAM 24 SIND VOR ORT F\u00dcR SIE IM EINSATZ! WIR \u00dcBERZEUGEN DURCH PROFESSIONELLE BEWEISBESCHAFFUNG UND GARANTIEREN ABSOLUTE DISKRETION! OPERATIVES EINSATZGEBIET DER DETEKTIVE DER DETEKTEI TEAM 24 &#8211; DIE PERLE AM MAIN, DER WIRTSCHAFTSSTANDORT FRANKFURT* &#8211; Frankfurt am Main ist die gr\u00f6\u00dfte Stadt im Bundesland Hessen mit knapp einer dreiviertel Million Einwohnern&#8230;.<\/p>\n","protected":false},"author":1,"featured_media":0,"parent":44,"menu_order":0,"comment_status":"closed","ping_status":"closed","template":"","meta":{"footnotes":""},"class_list":["post-63","page","type-page","status-publish","hentry"],"aioseo_notices":[],"_links":{"self":[{"href":"https:\/\/detektei-team24.com\/wordpress\/wp-json\/wp\/v2\/pages\/63","targetHints":{"allow":["GET"]}}],"collection":[{"href":"https:\/\/detektei-team24.com\/wordpress\/wp-json\/wp\/v2\/pages"}],"about":[{"href":"https:\/\/detektei-team24.com\/wordpress\/wp-json\/wp\/v2\/types\/page"}],"author":[{"embeddable":true,"href":"https:\/\/detektei-team24.com\/wordpress\/wp-json\/wp\/v2\/users\/1"}],"replies":[{"embeddable":true,"href":"https:\/\/detektei-team24.com\/wordpress\/wp-json\/wp\/v2\/comments?post=63"}],"version-history":[{"count":15,"href":"https:\/\/detektei-team24.com\/wordpress\/wp-json\/wp\/v2\/pages\/63\/revisions"}],"predecessor-version":[{"id":164,"href":"https:\/\/detektei-team24.com\/wordpress\/wp-json\/wp\/v2\/pages\/63\/revisions\/164"}],"up":[{"embeddable":true,"href":"https:\/\/detektei-team24.com\/wordpress\/wp-json\/wp\/v2\/pages\/44"}],"wp:attachment":[{"href":"https:\/\/detektei-team24.com\/wordpress\/wp-json\/wp\/v2\/media?parent=63"}],"curies":[{"name":"wp","href":"https:\/\/api.w.org\/{rel}","templated":true}]}}