{"id":528,"date":"2024-07-04T10:27:36","date_gmt":"2024-07-04T10:27:36","guid":{"rendered":"https:\/\/detektei-team24.com\/wordpress\/?page_id=528"},"modified":"2024-07-23T10:55:42","modified_gmt":"2024-07-23T10:55:42","slug":"detektei-schweiz-detektiv","status":"publish","type":"page","link":"https:\/\/detektei-team24.com\/wordpress\/international\/detektei-schweiz-detektiv\/","title":{"rendered":"Detektei-Schweiz-Detektiv"},"content":{"rendered":"<p style=\"text-align: center;\"><span style=\"font-size: 18pt; color: #006699;\"><strong>DIE DETEKTIVE DER DETEKTEI TEAM 24 SIND VOR ORT F\u00dcR SIE IM EINSATZ!<\/strong><\/span><\/p>\n<p style=\"text-align: center;\"><img loading=\"lazy\" decoding=\"async\" class=\"alignnone size-full wp-image-529\" src=\"https:\/\/detektei-team24.com\/wordpress\/wp-content\/uploads\/2024\/07\/detektei_schweiz_detektiv.jpg\" alt=\"\" width=\"500\" height=\"320\" srcset=\"https:\/\/detektei-team24.com\/wordpress\/wp-content\/uploads\/2024\/07\/detektei_schweiz_detektiv.jpg 500w, https:\/\/detektei-team24.com\/wordpress\/wp-content\/uploads\/2024\/07\/detektei_schweiz_detektiv-300x192.jpg 300w\" sizes=\"auto, (max-width: 500px) 100vw, 500px\" \/><\/p>\n<p style=\"text-align: center;\"><span style=\"font-size: 14pt; color: #006699;\"><strong>WIR \u00dcBERZEUGEN DURCH PROFESSIONELLE BEWEISBESCHAFFUNG UND GARANTIEREN ABSOLUTE DISKRETION!<\/strong><\/span><\/p>\n<p style=\"text-align: center;\"><span style=\"font-size: 14pt; color: #006699;\"><strong>OPERATIVES EINSATZGEBIET DER DETEKTIVE DER DETEKTEI TEAM 24<\/strong><\/span><br \/>\n<em><span style=\"font-size: 14pt; color: #006699;\"><strong>&#8211; DIE SCHWEIZ* &#8211;<\/strong><\/span><\/em><\/p>\n<p>Die Detektei Team 24 ist eine der erfolgreichsten Detekteien in Deutschland. Durch die hervorragende Vernetzung mit den weltweit besten Detektiven (haupts\u00e4chlich Mitglieder der WAD \u2013 World Association of Detectives -) sind wir auch in der Schweiz vertreten. Als Ihr zuverl\u00e4ssiger Partner ist die Detektei Team 24 aber auch global t\u00e4tig.<\/p>\n<p>Wenn Sie uns in der Schweiz ben\u00f6tigen, sind wir binnen weniger Tage vor Ort und nehmen die Ermittlungsarbeiten auf. Dabei erf\u00fcllen unsere Wirtschafts- und Privatdetektive h\u00f6chste Anforderungen an Diskretion, Seriosit\u00e4t und Effizienz. Ob f\u00fcr Privatpersonen, Anwaltskanzleien oder Betriebe aus Industrie, Dienstleistung und Gewerbe:<\/p>\n<p>Wir konzipieren und verwirklichen f\u00fcr jeden unserer Mandanten gerichtsverwertbare L\u00f6sungskonzepte. Dank der Erfahrung und der Kenntnis der landesspezifischen Gesetzeslage durch unsere Korrespondentinnen und Korrespondenten k\u00f6nnen unsere spezialisierten Wirtschaftsdetektive beispielsweise in Konkurrenz- und Patentangelegenheiten sowie bei Mitarbeiter\u00fcberpr\u00fcfungen recherchieren und \u00fcberwachen, w\u00e4hrend unsere Privatdetektive in Sorgerechts- und Unterhaltsangelegenheiten sowie in Partnerschafts- und Erbschaftsangelegenheiten h\u00e4ufig auch in der Schweiz erfolgreich im Einsatz sind. Rufen Sie uns noch heute an oder kontaktieren Sie uns \u00fcber das Formular auf der rechten Seite.<\/p>\n<p>Die Schweiz z\u00e4hlt zu einem der sch\u00f6nsten L\u00e4nder in der Alpenregion. Sie beherbergt ca. 8,5 Mio. Einwohner. Auf einer Fl\u00e4che von fast 41.000 Quadratkilometer ist das Land relativ d\u00fcnn besiedelt. Eine wirkliche Hauptstadt laut Gesetz gibt es nicht. De Facto wird aber die Stadt Bern als Hauptstadt der Schweiz genannt.<\/p>\n<p>Gerade die drei Sprachen, welche je nach Region in der Schweiz und dem Schweizer Umland gesprochen werden stellen eine Herausforderung f\u00fcr die Ermittler der Detektei Team 24 dar. Aber aufgrund eines hervorragenden Netzwerks aus qualifizierten und professionell ausgebildeten Detektiven konnten die Ermittler unl\u00e4ngst einen Fall von Lohnfortzahlungsbetrug im Schweizer Voralpenraum erfolgreich aufdecken.<\/p>\n<p>Ein aus Deutschland stammender Mitarbeiter eines gro\u00dfen schweizerischen Unternehmens fiel durch seine hohe Abwesenheitsquote dem Konzern negativ auf. Weiterhin hatte der aus Z\u00fcrich stammende Gesch\u00e4ftsf\u00fchrer anonyme Informationen erhalten, sein Mitarbeiter w\u00fcrde des \u00d6fteren LKW Touren f\u00fcr die Spedition des Bruders von der Schweiz in das benachbarte S\u00fcdtirol also nach Italien unternehmen. Das Schweizer Unternehmen engagierte daraufhin die Detektive der Detektei Team 24. Nach einem umfangreichen Beratungsgespr\u00e4ch und einer detaillierten Vorgangsplanung begannen die spezialisierten Ermittler vor Ort mit der Observation. Diese f\u00fchrte die Detektive von Deutschland in die Schweiz bis nach Italien und Frankreich. Nach der erfolgten Dokumentation der \u00fcberaus agilen Arbeitsweise des eigentlich wegen R\u00fcckenproblemen krankgeschriebenen Mitarbeiters, des Schweizer Konzerns, \u00fcbergaben die Ermittler der Detektei Team 24 die Ermittlungsberichte an den Z\u00fcricher Gesch\u00e4ftsf\u00fchrer und beendeten nach einer Woche den Auftrag.<\/p>\n<p>Die Detektive unserer Detektei sind f\u00fcr unsere Mandanten zuverl\u00e4ssig, l\u00e4nder\u00fcbergreifend und diskret auch in der Schweiz t\u00e4tig.<\/p>\n<hr \/>\n<p><strong>*BETRIEBSST\u00c4TTENHINWEIS<\/strong><\/p>\n<p>Wir machen darauf aufmerksam, das es sich bei den im Internetauftritt von www.detektei-team24.com aufgef\u00fchrten Einsatzgebieten und St\u00e4dten nicht um Firmensitze oder Niederlassungen handelt. Durch den Verzicht kostenaufw\u00e4ndiger B\u00fcros kommt Ihnen eine faire und kosteng\u00fcnstige Honorargestaltung zu Gute. Alle Eins\u00e4tze der Detektei werden von unserer Zentrale in Alzenau aus koordiniert und verwaltet. Ihnen entstehen bspw. keine Kosten f\u00fcr An- und Abfahrt, Foto- bzw. Videodokumentation. Ihr erfahrener Ansprechpartner wird Sie diskret und professionell zum Thema Detektivdienstleistung beraten.<\/p>\n<p style=\"text-align: center;\"><span style=\"font-size: 14pt; color: #006699;\"><strong>DETEKTEI TEAM 24<\/strong><\/span><\/p>\n<p style=\"text-align: center;\"><span style=\"font-size: 14pt; color: #006699;\"><strong>IHR ERMITTLUNGSPEZIALIST F\u00dcR DIE <a title=\"Detektei-Schweiz-Detektiv\" href=\"https:\/\/detektei-team24.com\/wordpress\/international\/detektei-schweiz-detektiv\/\">SCHWEIZ<\/a>* UND DAS ALPENLAND !<\/strong><\/span><\/p>\n<p><img loading=\"lazy\" decoding=\"async\" class=\"size-full wp-image-51 alignright\" src=\"https:\/\/detektei-team24.com\/wordpress\/wp-content\/uploads\/2024\/07\/handshake.jpg\" alt=\"\" width=\"180\" height=\"120\" \/>Kostenlose Erstberatung und Einsch\u00e4tzung von einem unserer erfahrenen Detektive:<\/p>\n<p style=\"text-align: center;\"><a href=\"mailto:info@detektei-team24.com\">&#8211; Schnell-Kontakt via Email &#8211;<\/a><\/p>\n","protected":false},"excerpt":{"rendered":"<p>DIE DETEKTIVE DER DETEKTEI TEAM 24 SIND VOR ORT F\u00dcR SIE IM EINSATZ! WIR \u00dcBERZEUGEN DURCH PROFESSIONELLE BEWEISBESCHAFFUNG UND GARANTIEREN ABSOLUTE DISKRETION! OPERATIVES EINSATZGEBIET DER DETEKTIVE DER DETEKTEI TEAM 24 &#8211; DIE SCHWEIZ* &#8211; Die Detektei Team 24 ist eine der erfolgreichsten Detekteien in Deutschland. Durch die hervorragende Vernetzung mit den weltweit besten Detektiven (haupts\u00e4chlich&#8230;<\/p>\n","protected":false},"author":1,"featured_media":0,"parent":76,"menu_order":0,"comment_status":"closed","ping_status":"closed","template":"","meta":{"footnotes":""},"class_list":["post-528","page","type-page","status-publish","hentry"],"aioseo_notices":[],"_links":{"self":[{"href":"https:\/\/detektei-team24.com\/wordpress\/wp-json\/wp\/v2\/pages\/528","targetHints":{"allow":["GET"]}}],"collection":[{"href":"https:\/\/detektei-team24.com\/wordpress\/wp-json\/wp\/v2\/pages"}],"about":[{"href":"https:\/\/detektei-team24.com\/wordpress\/wp-json\/wp\/v2\/types\/page"}],"author":[{"embeddable":true,"href":"https:\/\/detektei-team24.com\/wordpress\/wp-json\/wp\/v2\/users\/1"}],"replies":[{"embeddable":true,"href":"https:\/\/detektei-team24.com\/wordpress\/wp-json\/wp\/v2\/comments?post=528"}],"version-history":[{"count":3,"href":"https:\/\/detektei-team24.com\/wordpress\/wp-json\/wp\/v2\/pages\/528\/revisions"}],"predecessor-version":[{"id":746,"href":"https:\/\/detektei-team24.com\/wordpress\/wp-json\/wp\/v2\/pages\/528\/revisions\/746"}],"up":[{"embeddable":true,"href":"https:\/\/detektei-team24.com\/wordpress\/wp-json\/wp\/v2\/pages\/76"}],"wp:attachment":[{"href":"https:\/\/detektei-team24.com\/wordpress\/wp-json\/wp\/v2\/media?parent=528"}],"curies":[{"name":"wp","href":"https:\/\/api.w.org\/{rel}","templated":true}]}}