{"id":472,"date":"2024-07-04T09:25:10","date_gmt":"2024-07-04T09:25:10","guid":{"rendered":"https:\/\/detektei-team24.com\/wordpress\/?page_id=472"},"modified":"2024-07-23T10:51:49","modified_gmt":"2024-07-23T10:51:49","slug":"detektei-portugal-detektiv","status":"publish","type":"page","link":"https:\/\/detektei-team24.com\/wordpress\/international\/detektei-portugal-detektiv\/","title":{"rendered":"Detektei-Portugal-Detektiv"},"content":{"rendered":"<p style=\"text-align: center;\"><span style=\"font-size: 18pt; color: #006699;\"><strong>DIE DETEKTIVE DER DETEKTEI TEAM 24 SIND VOR ORT F\u00dcR SIE IM EINSATZ!<\/strong><\/span><\/p>\n<p style=\"text-align: center;\"><img loading=\"lazy\" decoding=\"async\" class=\"alignnone wp-image-473\" src=\"https:\/\/detektei-team24.com\/wordpress\/wp-content\/uploads\/2024\/07\/detektei-portugal-detektiv-300x200.jpg\" alt=\"\" width=\"500\" height=\"333\" srcset=\"https:\/\/detektei-team24.com\/wordpress\/wp-content\/uploads\/2024\/07\/detektei-portugal-detektiv-300x200.jpg 300w, https:\/\/detektei-team24.com\/wordpress\/wp-content\/uploads\/2024\/07\/detektei-portugal-detektiv.jpg 533w\" sizes=\"auto, (max-width: 500px) 100vw, 500px\" \/><\/p>\n<p style=\"text-align: center;\"><span style=\"font-size: 14pt; color: #006699;\"><strong>WIR \u00dcBERZEUGEN DURCH PROFESSIONELLE BEWEISBESCHAFFUNG UND GARANTIEREN ABSOLUTE DISKRETION!<\/strong><\/span><\/p>\n<p style=\"text-align: center;\"><span style=\"font-size: 14pt; color: #006699;\"><strong>OPERATIVES EINSATZGEBIET DER DETEKTIVE DER DETEKTEI TEAM 24<\/strong><\/span><br \/>\n<em><span style=\"font-size: 14pt; color: #006699;\"><strong>&#8211; PORTUGAL * \/ STADT LISSABON &#8211;<\/strong><\/span><\/em><\/p>\n<p>Die Detektei Team 24 ist eine der erfolgreichsten Detekteien in Deutschland. Durch die hervorragende Vernetzung mit den weltweit besten Detektiven (haupts\u00e4chlich Mitglieder der WAD \u2013 World Association of Detectives -) sind wir auch in Portugal vertreten. Als Ihr zuverl\u00e4ssiger Partner ist die Detektei Team 24 aber auch global t\u00e4tig.<\/p>\n<p>Wenn Sie uns in Portugal ben\u00f6tigen, sind wir binnen weniger Tage vor Ort und nehmen die Ermittlungsarbeiten auf. Dabei erf\u00fcllen unsere Wirtschafts- und Privatdetektive h\u00f6chste Anforderungen an Diskretion, Seriosit\u00e4t und Effizienz. Ob f\u00fcr Privatpersonen, Anwaltskanzleien oder Betriebe aus Industrie, Dienstleistung und Gewerbe:<\/p>\n<p>Wir konzipieren und verwirklichen f\u00fcr jeden unserer Mandanten gerichtsverwertbare L\u00f6sungskonzepte. Dank der Erfahrung und der Kenntnis der landesspezifischen Gesetzeslage durch unsere Korrespondentinnen und Korrespondenten k\u00f6nnen unsere spezialisierten Wirtschaftsdetektive beispielsweise in Konkurrenz- und Patentangelegenheiten sowie bei Mitarbeiter\u00fcberpr\u00fcfungen recherchieren und \u00fcberwachen, w\u00e4hrend unsere Privatdetektive in Sorgerechts- und Unterhaltsangelegenheiten sowie in Partnerschafts- und Erbschaftsangelegenheiten h\u00e4ufig auch in Portugal erfolgreich im Einsatz sind. Rufen Sie uns noch heute an oder kontaktieren Sie uns \u00fcber das Formular auf der rechten Seite.<\/p>\n<p>Ermittlungen in einer Erbschaftsangelegenheit durch Detektive in Lissabon\/Lissabon<\/p>\n<p>Es ist nicht immer so, dass unsere Profis von der Detektei Team 24 den Verbrechern auf der Spur sind. Ein Ermittlungsfall in einem Erbschaftsfall brachte uns in die portugiesische Metropole Lissabon. Unser Team wurde von einem Rechtsanwalt beauftragt, eine in Lissabon ans\u00e4ssige Person ausfindig zu machen, die in Deutschland ein nicht unbetr\u00e4chtliches Verm\u00f6gen geerbt hatte.<\/p>\n<p>Gemeinsam mit unseren Detektiv-Partnern in Lissabon begannen wir zu recherchieren und zu ermitteln. Doch die Sache stellte sich nicht so einfach dar, wie es zu Anfang unserer Nachforschungen aussah. Durch ein kompliziertes Meldesystem waren wir gezwungen, weitere Nachforschungen anzustellen, um die Zielperson aufzusp\u00fcren. Mit etwas Geduld und dem n\u00f6tigen Know-how gelang es uns jedoch, die Adresse zu ermitteln.<\/p>\n<p>Als wir dort ankamen, stellten wir fest, dass unser Mann zwar an diesem Ort wohnte, sich dort aber nicht dauerhaft aufhielt, da er in einem Au\u00dfenbezirk von Lissabon einer beruflichen T\u00e4tigkeit nachging. Nachdem dies gekl\u00e4rt war, machten wir uns auf den Weg zu seinem Arbeitsplatz und wurden dort schlie\u00dflich f\u00fcndig. Er war v\u00f6llig aus dem H\u00e4uschen, als wir ihm die Nachricht \u00fcberbrachten.<\/p>\n<p>Das Ergebnis unserer Nachforschungen teilten wir sofort unserem Mandanten mit, damit dieser die n\u00e4chsten Schritte in Bezug auf die Erbschaft einleiten konnte.<\/p>\n<hr \/>\n<p><strong>*BETRIEBSST\u00c4TTENHINWEIS<\/strong><\/p>\n<p>Wir machen darauf aufmerksam, das es sich bei den im Internetauftritt von <a href=\"https:\/\/detektei-team24.com\/\">www.detektei-team24.com<\/a> aufgef\u00fchrten Einsatzgebieten und St\u00e4dten nicht um Firmensitze oder Niederlassungen handelt. Durch den Verzicht kostenaufw\u00e4ndiger B\u00fcros kommt Ihnen eine faire und kosteng\u00fcnstige Honorargestaltung zu Gute. Alle Eins\u00e4tze der Detektei werden von unserer Zentrale in Alzenau aus koordiniert und verwaltet. Ihnen entstehen bspw. keine Kosten f\u00fcr An- und Abfahrt, Foto- bzw. Videodokumentation. Ihr erfahrener Ansprechpartner wird Sie diskret und professionell zum Thema Detektivdienstleistung beraten.<\/p>\n<p style=\"text-align: center;\"><span style=\"font-size: 14pt; color: #006699;\"><strong>DETEKTEI TEAM 24<\/strong><\/span><\/p>\n<p style=\"text-align: center;\"><span style=\"font-size: 14pt; color: #006699;\"><strong>IHR ERMITTLUNGSPEZIALIST F\u00dcR <a title=\"Detektei-Portugal-Detektiv\" href=\"https:\/\/detektei-team24.com\/wordpress\/international\/detektei-portugal-detektiv\/\">PORTUGAL<\/a>* !<\/strong><\/span><\/p>\n<p><img loading=\"lazy\" decoding=\"async\" class=\"size-full wp-image-51 alignright\" src=\"https:\/\/detektei-team24.com\/wordpress\/wp-content\/uploads\/2024\/07\/handshake.jpg\" alt=\"\" width=\"180\" height=\"120\" \/>Kostenlose Erstberatung und Einsch\u00e4tzung von einem unserer erfahrenen Detektive:<\/p>\n<p style=\"text-align: center;\"><a href=\"mailto:info@detektei-team24.com\">&#8211; Schnell-Kontakt via Email &#8211;<\/a><\/p>\n","protected":false},"excerpt":{"rendered":"<p>DIE DETEKTIVE DER DETEKTEI TEAM 24 SIND VOR ORT F\u00dcR SIE IM EINSATZ! WIR \u00dcBERZEUGEN DURCH PROFESSIONELLE BEWEISBESCHAFFUNG UND GARANTIEREN ABSOLUTE DISKRETION! OPERATIVES EINSATZGEBIET DER DETEKTIVE DER DETEKTEI TEAM 24 &#8211; PORTUGAL * \/ STADT LISSABON &#8211; Die Detektei Team 24 ist eine der erfolgreichsten Detekteien in Deutschland. Durch die hervorragende Vernetzung mit den weltweit&#8230;<\/p>\n","protected":false},"author":1,"featured_media":0,"parent":76,"menu_order":0,"comment_status":"closed","ping_status":"closed","template":"","meta":{"footnotes":""},"class_list":["post-472","page","type-page","status-publish","hentry"],"aioseo_notices":[],"_links":{"self":[{"href":"https:\/\/detektei-team24.com\/wordpress\/wp-json\/wp\/v2\/pages\/472","targetHints":{"allow":["GET"]}}],"collection":[{"href":"https:\/\/detektei-team24.com\/wordpress\/wp-json\/wp\/v2\/pages"}],"about":[{"href":"https:\/\/detektei-team24.com\/wordpress\/wp-json\/wp\/v2\/types\/page"}],"author":[{"embeddable":true,"href":"https:\/\/detektei-team24.com\/wordpress\/wp-json\/wp\/v2\/users\/1"}],"replies":[{"embeddable":true,"href":"https:\/\/detektei-team24.com\/wordpress\/wp-json\/wp\/v2\/comments?post=472"}],"version-history":[{"count":3,"href":"https:\/\/detektei-team24.com\/wordpress\/wp-json\/wp\/v2\/pages\/472\/revisions"}],"predecessor-version":[{"id":742,"href":"https:\/\/detektei-team24.com\/wordpress\/wp-json\/wp\/v2\/pages\/472\/revisions\/742"}],"up":[{"embeddable":true,"href":"https:\/\/detektei-team24.com\/wordpress\/wp-json\/wp\/v2\/pages\/76"}],"wp:attachment":[{"href":"https:\/\/detektei-team24.com\/wordpress\/wp-json\/wp\/v2\/media?parent=472"}],"curies":[{"name":"wp","href":"https:\/\/api.w.org\/{rel}","templated":true}]}}