{"id":448,"date":"2024-07-04T08:02:55","date_gmt":"2024-07-04T08:02:55","guid":{"rendered":"https:\/\/detektei-team24.com\/wordpress\/?page_id=448"},"modified":"2024-07-23T10:31:04","modified_gmt":"2024-07-23T10:31:04","slug":"detektei-oesterreich-detektiv","status":"publish","type":"page","link":"https:\/\/detektei-team24.com\/wordpress\/international\/detektei-oesterreich-detektiv\/","title":{"rendered":"Detektei-\u00d6sterreich-Detektiv"},"content":{"rendered":"<p style=\"text-align: center;\"><span style=\"font-size: 18pt; color: #006699;\"><strong>DIE DETEKTIVE DER DETEKTEI TEAM 24 SIND VOR ORT F\u00dcR SIE IM EINSATZ!<\/strong><\/span><\/p>\n<p style=\"text-align: center;\"><img loading=\"lazy\" decoding=\"async\" class=\"alignnone wp-image-449 size-full\" src=\"https:\/\/detektei-team24.com\/wordpress\/wp-content\/uploads\/2024\/07\/detektei_oesterreich_detektiv.jpg\" alt=\"\" width=\"500\" height=\"334\" srcset=\"https:\/\/detektei-team24.com\/wordpress\/wp-content\/uploads\/2024\/07\/detektei_oesterreich_detektiv.jpg 500w, https:\/\/detektei-team24.com\/wordpress\/wp-content\/uploads\/2024\/07\/detektei_oesterreich_detektiv-300x200.jpg 300w\" sizes=\"auto, (max-width: 500px) 100vw, 500px\" \/><\/p>\n<p style=\"text-align: center;\"><span style=\"font-size: 14pt; color: #006699;\"><strong>WIR \u00dcBERZEUGEN DURCH PROFESSIONELLE BEWEISBESCHAFFUNG UND GARANTIEREN ABSOLUTE DISKRETION!<\/strong><\/span><\/p>\n<p style=\"text-align: center;\"><span style=\"font-size: 14pt; color: #006699;\"><strong>OPERATIVES EINSATZGEBIET DER DETEKTIVE DER DETEKTEI TEAM 24<\/strong><\/span><br \/>\n<em><span style=\"font-size: 14pt; color: #006699;\"><strong>&#8211; DAS ALPENLAND \u00d6STERREICH* &#8211;<\/strong><\/span><\/em><\/p>\n<p>Die Detektei Team 24 ist eine der erfolgreichsten Detekteien in Deutschland. Durch die hervorragende Vernetzung mit den weltweit besten Detektiven (haupts\u00e4chlich Mitglieder der WAD \u2013 World Association of Detectives -) sind wir auch in \u00d6sterreich vertreten. Als Ihr zuverl\u00e4ssiger Partner ist die Detektei Team 24 aber auch global t\u00e4tig.<\/p>\n<p>Wenn Sie uns in \u00d6sterreich ben\u00f6tigen, sind wir binnen weniger Tage vor Ort und nehmen die Ermittlungsarbeiten auf. Dabei erf\u00fcllen unsere Wirtschafts- und Privatdetektive h\u00f6chste Anforderungen an Diskretion, Seriosit\u00e4t und Effizienz. Ob f\u00fcr Privatpersonen, Anwaltskanzleien oder Betriebe aus Industrie, Dienstleistung und Gewerbe:<\/p>\n<p>Wir konzipieren und verwirklichen f\u00fcr jeden unserer Mandanten gerichtsverwertbare L\u00f6sungskonzepte. Dank der Erfahrung und der Kenntnis der landesspezifischen Gesetzeslage durch unsere Korrespondentinnen und Korrespondenten k\u00f6nnen unsere spezialisierten Wirtschaftsdetektive beispielsweise in Konkurrenz- und Patentangelegenheiten sowie bei Mitarbeiter\u00fcberpr\u00fcfungen recherchieren und \u00fcberwachen, w\u00e4hrend unsere Privatdetektive in Sorgerechts- und Unterhaltsangelegenheiten sowie in Partnerschafts- und Erbschaftsangelegenheiten h\u00e4ufig auch in \u00d6sterreich erfolgreich im Einsatz sind. Rufen Sie uns noch heute an oder kontaktieren Sie uns \u00fcber das Formular auf der rechten Seite.<\/p>\n<p>Der 8,7 Millionen Einwohner beherbergende mitteleurop\u00e4ische Binnenstaat \u00d6sterreich grenzt an Slowenien und Italien im S\u00fcden, Deutschland und Tschechien im Norden, die Slowakei und Ungarn im Osten sowie die Schweiz und Liechtenstein im Westen.<\/p>\n<p>Die sch\u00f6ne Kulisse der \u00f6sterreichischen Alpen wurde vor einiger Zeit Schauplatz der Motorraddetektive der Detektei Team 24. Drei Ermittler und zwei Maschinen der Detektive kamen hierbei zum Einsatz.<\/p>\n<p>Eine besorgte Ehefrau rief bei der internationalen Hotline der Detektei Team 24 an und teilte mit, dass sie bef\u00fcrchte, ihr Mann w\u00fcrde bei einer geplanten Motorradtour durch das \u00f6sterreichische Voralpenland eine Beziehung zu einer Dame in der Clique der Motorradfahrer pflegen. Die Ermittler der Detektei Team 24, die selbst begeisterte Motorradfahrer sind, \u00fcbernahmen mit zwei Fahrzeugen und drei Detektiven (ein P\u00e4rchen und eine Single Frau) den Einsatz. Aufgrund der \u00f6sterreichischen Detektivin, welche hervorragende Ortskenntnisse \u00fcber das Alpenvorland besa\u00df, konnten sich das Trio in dem Hotel, in dem der mutma\u00dfliche Betr\u00fcger mit seinen Freunden untergekommen war, schnell mit der Clique anfreunden. Diese genoss die \u00f6sterreichische Gastfreundschaft am Abend in vollen Z\u00fcgen und unsere Detektive schlossen sich der Gruppe erfolgreich an. Im Verlauf weiterer Ermittlungstage in \u00d6sterreich konnten die Detektive und Detektivinnen der Detektei Team 24 jedoch keine Beziehung des Beschuldigten zu einer Dame aus der Gruppe erkennen. Man war eng befreundet aber mehr auch nicht. \u00dcber diesen Sachstand informierten die Ermittler die besorgte Ehefrau, die merklich erleichtert die gute Nachricht entgegennahm.<\/p>\n<p>Somit konnten die Detektive der Detektei Team 24 auch in \u00d6sterreich einen weitern Fall von vermeintlichem Ehebetrug erfolgreich zu Gunsten der Auftraggeberin und des Beschuldigten aufkl\u00e4ren.<\/p>\n<hr \/>\n<p><strong>*BETRIEBSST\u00c4TTENHINWEIS<\/strong><\/p>\n<p>Wir machen darauf aufmerksam, das es sich bei den im Internetauftritt von <a href=\"https:\/\/detektei-team24.com\/\">www.detektei-team24.com<\/a> aufgef\u00fchrten Einsatzgebieten und St\u00e4dten nicht um Firmensitze oder Niederlassungen handelt. Durch den Verzicht kostenaufw\u00e4ndiger B\u00fcros kommt Ihnen eine faire und kosteng\u00fcnstige Honorargestaltung zu Gute. Alle Eins\u00e4tze der Detektei werden von unserer Zentrale in Alzenau aus koordiniert und verwaltet. Ihnen entstehen bspw. keine Kosten f\u00fcr An- und Abfahrt, Foto- bzw. Videodokumentation. Ihr erfahrener Ansprechpartner wird Sie diskret und professionell zum Thema Detektivdienstleistung beraten.<\/p>\n<p style=\"text-align: center;\"><span style=\"font-size: 14pt; color: #006699;\"><strong>DETEKTEI TEAM 24<\/strong><\/span><\/p>\n<p style=\"text-align: center;\"><span style=\"font-size: 14pt; color: #006699;\"><strong>IHR ERMITTLUNGSPEZIALIST F\u00dcR <a title=\"Detektei-\u00d6sterreich-Detektiv\" href=\"https:\/\/detektei-team24.com\/wordpress\/international\/detektei-oesterreich-detektiv\/\">\u00d6STERREICH<\/a>* UND ANDERE ALPENL\u00c4NDER !<\/strong><\/span><\/p>\n<p><img loading=\"lazy\" decoding=\"async\" class=\"size-full wp-image-51 alignright\" src=\"https:\/\/detektei-team24.com\/wordpress\/wp-content\/uploads\/2024\/07\/handshake.jpg\" alt=\"\" width=\"180\" height=\"120\" \/>Kostenlose Erstberatung und Einsch\u00e4tzung von einem unserer erfahrenen Detektive:<\/p>\n<p style=\"text-align: center;\"><a href=\"mailto:info@detektei-team24.com\">&#8211; Schnell-Kontakt via Email &#8211;<\/a><\/p>\n","protected":false},"excerpt":{"rendered":"<p>DIE DETEKTIVE DER DETEKTEI TEAM 24 SIND VOR ORT F\u00dcR SIE IM EINSATZ! WIR \u00dcBERZEUGEN DURCH PROFESSIONELLE BEWEISBESCHAFFUNG UND GARANTIEREN ABSOLUTE DISKRETION! OPERATIVES EINSATZGEBIET DER DETEKTIVE DER DETEKTEI TEAM 24 &#8211; DAS ALPENLAND \u00d6STERREICH* &#8211; Die Detektei Team 24 ist eine der erfolgreichsten Detekteien in Deutschland. Durch die hervorragende Vernetzung mit den weltweit besten Detektiven&#8230;<\/p>\n","protected":false},"author":1,"featured_media":0,"parent":76,"menu_order":0,"comment_status":"closed","ping_status":"closed","template":"","meta":{"footnotes":""},"class_list":["post-448","page","type-page","status-publish","hentry"],"aioseo_notices":[],"_links":{"self":[{"href":"https:\/\/detektei-team24.com\/wordpress\/wp-json\/wp\/v2\/pages\/448","targetHints":{"allow":["GET"]}}],"collection":[{"href":"https:\/\/detektei-team24.com\/wordpress\/wp-json\/wp\/v2\/pages"}],"about":[{"href":"https:\/\/detektei-team24.com\/wordpress\/wp-json\/wp\/v2\/types\/page"}],"author":[{"embeddable":true,"href":"https:\/\/detektei-team24.com\/wordpress\/wp-json\/wp\/v2\/users\/1"}],"replies":[{"embeddable":true,"href":"https:\/\/detektei-team24.com\/wordpress\/wp-json\/wp\/v2\/comments?post=448"}],"version-history":[{"count":3,"href":"https:\/\/detektei-team24.com\/wordpress\/wp-json\/wp\/v2\/pages\/448\/revisions"}],"predecessor-version":[{"id":739,"href":"https:\/\/detektei-team24.com\/wordpress\/wp-json\/wp\/v2\/pages\/448\/revisions\/739"}],"up":[{"embeddable":true,"href":"https:\/\/detektei-team24.com\/wordpress\/wp-json\/wp\/v2\/pages\/76"}],"wp:attachment":[{"href":"https:\/\/detektei-team24.com\/wordpress\/wp-json\/wp\/v2\/media?parent=448"}],"curies":[{"name":"wp","href":"https:\/\/api.w.org\/{rel}","templated":true}]}}