{"id":426,"date":"2024-07-04T07:40:56","date_gmt":"2024-07-04T07:40:56","guid":{"rendered":"https:\/\/detektei-team24.com\/wordpress\/?page_id=426"},"modified":"2024-07-23T10:28:59","modified_gmt":"2024-07-23T10:28:59","slug":"detektei-monaco-detektiv","status":"publish","type":"page","link":"https:\/\/detektei-team24.com\/wordpress\/international\/detektei-monaco-detektiv\/","title":{"rendered":"Detektei-Monaco-Detektiv"},"content":{"rendered":"<p style=\"text-align: center;\"><span style=\"font-size: 18pt; color: #006699;\"><strong>DIE DETEKTIVE DER DETEKTEI TEAM 24 SIND VOR ORT F\u00dcR SIE IM EINSATZ!<\/strong><\/span><\/p>\n<p style=\"text-align: center;\"><img loading=\"lazy\" decoding=\"async\" class=\"alignnone wp-image-427\" src=\"https:\/\/detektei-team24.com\/wordpress\/wp-content\/uploads\/2024\/07\/detektei-monaco-detektiv-300x169.jpg\" alt=\"\" width=\"500\" height=\"281\" srcset=\"https:\/\/detektei-team24.com\/wordpress\/wp-content\/uploads\/2024\/07\/detektei-monaco-detektiv-300x169.jpg 300w, https:\/\/detektei-team24.com\/wordpress\/wp-content\/uploads\/2024\/07\/detektei-monaco-detektiv.jpg 533w\" sizes=\"auto, (max-width: 500px) 100vw, 500px\" \/><\/p>\n<p style=\"text-align: center;\"><span style=\"font-size: 14pt; color: #006699;\"><strong>WIR \u00dcBERZEUGEN DURCH PROFESSIONELLE BEWEISBESCHAFFUNG UND GARANTIEREN ABSOLUTE DISKRETION!<\/strong><\/span><\/p>\n<p style=\"text-align: center;\"><span style=\"font-size: 14pt; color: #006699;\"><strong>OPERATIVES EINSATZGEBIET DER DETEKTIVE DER DETEKTEI TEAM 24<\/strong><\/span><br \/>\n<em><span style=\"font-size: 14pt; color: #006699;\"><strong>&#8211; MONACO* \/ STADT MONACO &#8211;<\/strong><\/span><\/em><\/p>\n<p>Die Detektei Team 24 ist eine der erfolgreichsten Detekteien in Deutschland. Durch die hervorragende Vernetzung mit den weltweit besten Detektiven (haupts\u00e4chlich Mitglieder der WAD \u2013 World Association of Detectives -) sind wir auch in Monaco vertreten. Als Ihr zuverl\u00e4ssiger Partner ist die Detektei Team 24 aber auch global t\u00e4tig.<\/p>\n<p>Wenn Sie uns in Monaco ben\u00f6tigen, sind wir binnen weniger Tage vor Ort und nehmen die Ermittlungsarbeiten auf. Dabei erf\u00fcllen unsere Wirtschafts- und Privatdetektive h\u00f6chste Anforderungen an Diskretion, Seriosit\u00e4t und Effizienz. Ob f\u00fcr Privatpersonen, Anwaltskanzleien oder Betriebe aus Industrie, Dienstleistung und Gewerbe:<\/p>\n<p>Wir konzipieren und verwirklichen f\u00fcr jeden unserer Mandanten gerichtsverwertbare L\u00f6sungskonzepte. Dank der Erfahrung und der Kenntnis der landesspezifischen Gesetzeslage durch unsere Korrespondentinnen und Korrespondenten k\u00f6nnen unsere spezialisierten Wirtschaftsdetektive beispielsweise in Konkurrenz- und Patentangelegenheiten sowie bei Mitarbeiter\u00fcberpr\u00fcfungen recherchieren und \u00fcberwachen, w\u00e4hrend unsere Privatdetektive in Sorgerechts- und Unterhaltsangelegenheiten sowie in Partnerschafts- und Erbschaftsangelegenheiten h\u00e4ufig auch in Monaco erfolgreich im Einsatz sind. Rufen Sie uns noch heute an oder kontaktieren Sie uns \u00fcber das Formular auf der rechten Seite.<\/p>\n<p>Hafen von Monaco: Massive Sachbesch\u00e4digung<\/p>\n<p>Unterst\u00fctzt durch renommierte Detektiv Kollegen vor Ort in Monaco, die unter anderem die franz\u00f6sische Landessprache ausgezeichnet beherrschen, konnten die Detektive und Detektivinnen der Privatdetektei Detektei Team 24 einen Fall von extremen Vandalismus im Hafen von Monaco, an der Nordk\u00fcste des westlichen Mittelmeeres gelegen, aufkl\u00e4ren.<\/p>\n<p>Eine Firma aus Deutschland, die mit ihrer Yacht im Hafen von Monaco lag, stellte erhebliche Besch\u00e4digungen an der Yacht fest und kontaktierte daraufhin die Detektive und Detektivinnen der Detektei Team 24. Diese kontaktierten unverz\u00fcglich die Kollegen vor Ort in Monaco.<\/p>\n<p>Nach mehrst\u00fcndiger n\u00e4chtlicher \u00dcberwachung im Hafen von Monaco sichteten die Ermittler ein Boot, das sich vom Nachbarort Cap-d\u2019Ail n\u00e4herte. Mehrere Personen stiegen aus und fingen an, das Boot des Kunden der Detektei Team 24 mit Farbe zu beschmieren.<\/p>\n<p>Der Vorfall wurde von den Detektiven vor Ort dokumentiert und sofort die \u00f6rtlichen Beh\u00f6rden informiert. Die Straft\u00e4ter konnten noch vor Ort in Monaco der Polizei \u00fcberstellt werden.<\/p>\n<p>Die Detektive und Detektivinnen der Detektei Team 24 sind also auch in Monaco in Verbindung mit einheimischen Partnern schnell und diskret f\u00fcr ihre Mandanten im Einsatz.<\/p>\n<hr \/>\n<p><strong>*BETRIEBSST\u00c4TTENHINWEIS<\/strong><\/p>\n<p>Wir machen darauf aufmerksam, das es sich bei den im Internetauftritt von <a href=\"https:\/\/detektei-team24.com\/\">www.detektei-team24.com<\/a> aufgef\u00fchrten Einsatzgebieten und St\u00e4dten nicht um Firmensitze oder Niederlassungen handelt. Durch den Verzicht kostenaufw\u00e4ndiger B\u00fcros kommt Ihnen eine faire und kosteng\u00fcnstige Honorargestaltung zu Gute. Alle Eins\u00e4tze der Detektei werden von unserer Zentrale in Alzenau aus koordiniert und verwaltet. Ihnen entstehen bspw. keine Kosten f\u00fcr An- und Abfahrt, Foto- bzw. Videodokumentation. Ihr erfahrener Ansprechpartner wird Sie diskret und professionell zum Thema Detektivdienstleistung beraten.<\/p>\n<p style=\"text-align: center;\"><span style=\"color: #006699; font-size: 14pt;\"><strong>DETEKTEI TEAM 24<\/strong><\/span><\/p>\n<p style=\"text-align: center;\"><span style=\"color: #006699; font-size: 14pt;\"><strong>IHR ERMITTLUNGSPEZIALIST F\u00dcR <a title=\"Detektei-Monaco-Detektiv\" href=\"https:\/\/detektei-team24.com\/wordpress\/detektei-monaco-detektiv\/\">MONACO<\/a>* !<\/strong><\/span><\/p>\n<p><img loading=\"lazy\" decoding=\"async\" class=\"size-full wp-image-51 alignright\" src=\"https:\/\/detektei-team24.com\/wordpress\/wp-content\/uploads\/2024\/07\/handshake.jpg\" alt=\"\" width=\"180\" height=\"120\" \/>Kostenlose Erstberatung und Einsch\u00e4tzung von einem unserer erfahrenen Detektive:<\/p>\n<p style=\"text-align: center;\"><a href=\"mailto:info@detektei-team24.com\">&#8211; Schnell-Kontakt via Email &#8211;<\/a><\/p>\n","protected":false},"excerpt":{"rendered":"<p>DIE DETEKTIVE DER DETEKTEI TEAM 24 SIND VOR ORT F\u00dcR SIE IM EINSATZ! WIR \u00dcBERZEUGEN DURCH PROFESSIONELLE BEWEISBESCHAFFUNG UND GARANTIEREN ABSOLUTE DISKRETION! OPERATIVES EINSATZGEBIET DER DETEKTIVE DER DETEKTEI TEAM 24 &#8211; MONACO* \/ STADT MONACO &#8211; Die Detektei Team 24 ist eine der erfolgreichsten Detekteien in Deutschland. Durch die hervorragende Vernetzung mit den weltweit besten&#8230;<\/p>\n","protected":false},"author":1,"featured_media":0,"parent":76,"menu_order":0,"comment_status":"closed","ping_status":"closed","template":"","meta":{"footnotes":""},"class_list":["post-426","page","type-page","status-publish","hentry"],"aioseo_notices":[],"_links":{"self":[{"href":"https:\/\/detektei-team24.com\/wordpress\/wp-json\/wp\/v2\/pages\/426","targetHints":{"allow":["GET"]}}],"collection":[{"href":"https:\/\/detektei-team24.com\/wordpress\/wp-json\/wp\/v2\/pages"}],"about":[{"href":"https:\/\/detektei-team24.com\/wordpress\/wp-json\/wp\/v2\/types\/page"}],"author":[{"embeddable":true,"href":"https:\/\/detektei-team24.com\/wordpress\/wp-json\/wp\/v2\/users\/1"}],"replies":[{"embeddable":true,"href":"https:\/\/detektei-team24.com\/wordpress\/wp-json\/wp\/v2\/comments?post=426"}],"version-history":[{"count":3,"href":"https:\/\/detektei-team24.com\/wordpress\/wp-json\/wp\/v2\/pages\/426\/revisions"}],"predecessor-version":[{"id":737,"href":"https:\/\/detektei-team24.com\/wordpress\/wp-json\/wp\/v2\/pages\/426\/revisions\/737"}],"up":[{"embeddable":true,"href":"https:\/\/detektei-team24.com\/wordpress\/wp-json\/wp\/v2\/pages\/76"}],"wp:attachment":[{"href":"https:\/\/detektei-team24.com\/wordpress\/wp-json\/wp\/v2\/media?parent=426"}],"curies":[{"name":"wp","href":"https:\/\/api.w.org\/{rel}","templated":true}]}}