{"id":400,"date":"2024-07-03T13:05:31","date_gmt":"2024-07-03T13:05:31","guid":{"rendered":"https:\/\/detektei-team24.com\/wordpress\/?page_id=400"},"modified":"2024-07-23T09:47:14","modified_gmt":"2024-07-23T09:47:14","slug":"detektei-litauen-detektiv","status":"publish","type":"page","link":"https:\/\/detektei-team24.com\/wordpress\/international\/detektei-litauen-detektiv\/","title":{"rendered":"Detektei-Litauen-Detektiv"},"content":{"rendered":"<p style=\"text-align: center;\"><span style=\"font-size: 18pt; color: #006699;\"><strong>DIE DETEKTIVE DER DETEKTEI TEAM 24 SIND VOR ORT F\u00dcR SIE IM EINSATZ!<\/strong><\/span><\/p>\n<p style=\"text-align: center;\"><img loading=\"lazy\" decoding=\"async\" class=\"alignnone wp-image-401 size-full\" src=\"https:\/\/detektei-team24.com\/wordpress\/wp-content\/uploads\/2024\/07\/detektei-litauen-detektiv.jpg\" alt=\"\" width=\"500\" height=\"334\" srcset=\"https:\/\/detektei-team24.com\/wordpress\/wp-content\/uploads\/2024\/07\/detektei-litauen-detektiv.jpg 500w, https:\/\/detektei-team24.com\/wordpress\/wp-content\/uploads\/2024\/07\/detektei-litauen-detektiv-300x200.jpg 300w\" sizes=\"auto, (max-width: 500px) 100vw, 500px\" \/><\/p>\n<p style=\"text-align: center;\"><span style=\"font-size: 14pt; color: #006699;\"><strong>WIR \u00dcBERZEUGEN DURCH PROFESSIONELLE BEWEISBESCHAFFUNG UND GARANTIEREN ABSOLUTE DISKRETION!<\/strong><\/span><\/p>\n<p style=\"text-align: center;\"><span style=\"font-size: 14pt; color: #006699;\"><strong>OPERATIVES EINSATZGEBIET DER DETEKTIVE DER DETEKTEI TEAM 24<\/strong><\/span><br \/>\n<em><span style=\"font-size: 14pt; color: #006699;\"><strong>&#8211; LITAUEN* \/ STADT VILNIUS &#8211;<\/strong><\/span><\/em><\/p>\n<p>Die Detektei Team 24 ist eine der erfolgreichsten Detekteien in Deutschland. Durch die hervorragende Vernetzung mit den weltweit besten Detektiven (haupts\u00e4chlich Mitglieder der WAD \u2013 World Association of Detectives -) sind wir auch in Litauen vertreten. Als Ihr zuverl\u00e4ssiger Partner ist die Detektei Team 24 aber auch global t\u00e4tig.<\/p>\n<p>Wenn Sie uns in Litauen ben\u00f6tigen, sind wir binnen weniger Tage vor Ort und nehmen die Ermittlungsarbeiten auf. Dabei erf\u00fcllen unsere Wirtschafts- und Privatdetektive h\u00f6chste Anforderungen an Diskretion, Seriosit\u00e4t und Effizienz. Ob f\u00fcr Privatpersonen, Anwaltskanzleien oder Betriebe aus Industrie, Dienstleistung und Gewerbe:<\/p>\n<p>Wir konzipieren und verwirklichen f\u00fcr jeden unserer Mandanten gerichtsverwertbare L\u00f6sungskonzepte. Dank der Erfahrung und der Kenntnis der landesspezifischen Gesetzeslage durch unsere Korrespondentinnen und Korrespondenten k\u00f6nnen unsere spezialisierten Wirtschaftsdetektive beispielsweise in Konkurrenz- und Patentangelegenheiten sowie bei Mitarbeiter\u00fcberpr\u00fcfungen recherchieren und \u00fcberwachen, w\u00e4hrend unsere Privatdetektive in Sorgerechts- und Unterhaltsangelegenheiten sowie in Partnerschafts- und Erbschaftsangelegenheiten h\u00e4ufig auch in Litauen erfolgreich im Einsatz sind. Rufen Sie uns noch heute an oder kontaktieren Sie uns \u00fcber das Formular auf der rechten Seite.<\/p>\n<p>Litauen ist der s\u00fcdlichste der drei baltischen Staaten, der im Westen an die Ostsee grenzt. Seit dem Zusammenbruch der Sowjetunion 1990 ist Litauen eine unabh\u00e4ngige Republik. Hier leben rund 2.95 Millionen Menschen, die stolz auf die Mitgliedschaft in der EU (2004) sind.<\/p>\n<p>In der litauischen Hauptstadt Vilnius wohnen rund 543.000 Menschen. Sie wurde zum Einsatzort f\u00fcr die Ermittler der Detektei Team 24.<\/p>\n<p>Eine ortsans\u00e4ssige Firma, welche durch einen deutschen geleitet wurde, beauftragte die Detektive der Detektei Team 24 in Litauen einen Versto\u00df gegen Umweltauflagen zu untersuchen, welchem der besagten Firma aus Vilnius zur Last gelegt wurde. In einem der f\u00fcnf Nationalparks Litauens wurde in unregelm\u00e4\u00dfigen Anst\u00e4nden Abfall, welcher eindeutig der Firma unseres Mandaten zugeschrieben wurde, illegal entsorgt.<\/p>\n<p>Die Detektive ermittelten in wochenlangen Recherchen. Das Ergebnis des Detektiv-Einsatzes hat sich aber gelohnt. Ein Litauisches Entsorgungsunternehmen aus Kaunas, welches den Abfall f\u00fcr viel Geld ordnungsgem\u00e4\u00df entsorgen sollte, f\u00e4lschte die Papiere und lies einen gro\u00dfen Teil des M\u00fclls illegal verschwinden.<\/p>\n<p>Detektive der Detektei Team 24 und Detektive aus Litauen konnten in einer einzigartigen gut strukturierten Zusammenarbeit den Fall l\u00f6sen. Die Drahtzieher wurden dingfest gemacht und das sch\u00f6ne Land Litauen ist nun wieder etwas sauberer und um ein paar Verbrecher erl\u00f6st worden.<\/p>\n<p>Detektive der Detektei Team 24 und renommierte Kollegen aus einem umfangreichen Netzwerk konnten somit f\u00fcr einen deutschen Unternehmer in Litauen erfolgreich t\u00e4tig werden.<\/p>\n<p>Die Detektive der Detektei Team 24 ermitteln aufgrund eines renommierten weltweiten Netzwerks europaweit f\u00fcr Ihre Kunden und bieten auch in Litauen schnelle und unb\u00fcrokratische Hilfe.<\/p>\n<hr \/>\n<p><strong>*BETRIEBSST\u00c4TTENHINWEIS<\/strong><\/p>\n<p>Wir machen darauf aufmerksam, das es sich bei den im Internetauftritt von <span style=\"color: #006699;\"><a style=\"color: #006699;\" href=\"https:\/\/detektei-team24.com\/\">www.detektei-team24.com<\/a><\/span> aufgef\u00fchrten Einsatzgebieten und St\u00e4dten nicht um Firmensitze oder Niederlassungen handelt. Durch den Verzicht kostenaufw\u00e4ndiger B\u00fcros kommt Ihnen eine faire und kosteng\u00fcnstige Honorargestaltung zu Gute. Alle Eins\u00e4tze der Detektei werden von unserer Zentrale in Alzenau aus koordiniert und verwaltet. Ihnen entstehen bspw. keine Kosten f\u00fcr An- und Abfahrt, Foto- bzw. Videodokumentation. Ihr erfahrener Ansprechpartner wird Sie diskret und professionell zum Thema Detektivdienstleistung beraten.<\/p>\n<p style=\"text-align: center;\"><span style=\"font-size: 14pt; color: #006699;\"><strong>DETEKTEI TEAM 24<\/strong><\/span><\/p>\n<p style=\"text-align: center;\"><span style=\"font-size: 14pt; color: #006699;\"><strong>IHR ERMITTLUNGSPEZIALIST F\u00dcR <span style=\"color: #006699;\"><a style=\"color: #006699;\" title=\"Detektei-Litauen-Detektiv\" href=\"https:\/\/detektei-team24.com\/wordpress\/international\/detektei-litauen-detektiv\/\">LITAUEN<\/a><\/span>* UND DAS BALTIKUM!<\/strong><\/span><\/p>\n<p><img loading=\"lazy\" decoding=\"async\" class=\"size-full wp-image-51 alignright\" src=\"https:\/\/detektei-team24.com\/wordpress\/wp-content\/uploads\/2024\/07\/handshake.jpg\" alt=\"\" width=\"180\" height=\"120\" \/>Kostenlose Erstberatung und Einsch\u00e4tzung von einem unserer erfahrenen Detektive :<\/p>\n<p style=\"text-align: center;\"><span style=\"color: #006699;\"><a style=\"color: #006699;\" href=\"mailto:info@detektei-team24.com\">&#8211; Schnell-Kontakt via Email &#8211;<\/a><\/span><\/p>\n","protected":false},"excerpt":{"rendered":"<p>DIE DETEKTIVE DER DETEKTEI TEAM 24 SIND VOR ORT F\u00dcR SIE IM EINSATZ! WIR \u00dcBERZEUGEN DURCH PROFESSIONELLE BEWEISBESCHAFFUNG UND GARANTIEREN ABSOLUTE DISKRETION! OPERATIVES EINSATZGEBIET DER DETEKTIVE DER DETEKTEI TEAM 24 &#8211; LITAUEN* \/ STADT VILNIUS &#8211; Die Detektei Team 24 ist eine der erfolgreichsten Detekteien in Deutschland. Durch die hervorragende Vernetzung mit den weltweit besten&#8230;<\/p>\n","protected":false},"author":1,"featured_media":0,"parent":76,"menu_order":0,"comment_status":"closed","ping_status":"closed","template":"","meta":{"footnotes":""},"class_list":["post-400","page","type-page","status-publish","hentry"],"aioseo_notices":[],"_links":{"self":[{"href":"https:\/\/detektei-team24.com\/wordpress\/wp-json\/wp\/v2\/pages\/400","targetHints":{"allow":["GET"]}}],"collection":[{"href":"https:\/\/detektei-team24.com\/wordpress\/wp-json\/wp\/v2\/pages"}],"about":[{"href":"https:\/\/detektei-team24.com\/wordpress\/wp-json\/wp\/v2\/types\/page"}],"author":[{"embeddable":true,"href":"https:\/\/detektei-team24.com\/wordpress\/wp-json\/wp\/v2\/users\/1"}],"replies":[{"embeddable":true,"href":"https:\/\/detektei-team24.com\/wordpress\/wp-json\/wp\/v2\/comments?post=400"}],"version-history":[{"count":3,"href":"https:\/\/detektei-team24.com\/wordpress\/wp-json\/wp\/v2\/pages\/400\/revisions"}],"predecessor-version":[{"id":733,"href":"https:\/\/detektei-team24.com\/wordpress\/wp-json\/wp\/v2\/pages\/400\/revisions\/733"}],"up":[{"embeddable":true,"href":"https:\/\/detektei-team24.com\/wordpress\/wp-json\/wp\/v2\/pages\/76"}],"wp:attachment":[{"href":"https:\/\/detektei-team24.com\/wordpress\/wp-json\/wp\/v2\/media?parent=400"}],"curies":[{"name":"wp","href":"https:\/\/api.w.org\/{rel}","templated":true}]}}