{"id":294,"date":"2024-07-03T08:34:34","date_gmt":"2024-07-03T08:34:34","guid":{"rendered":"https:\/\/detektei-team24.com\/wordpress\/?page_id=294"},"modified":"2024-07-23T09:36:53","modified_gmt":"2024-07-23T09:36:53","slug":"detektei-griechenland-detektiv","status":"publish","type":"page","link":"https:\/\/detektei-team24.com\/wordpress\/international\/detektei-griechenland-detektiv\/","title":{"rendered":"Detektei-Griechenland-Detektiv"},"content":{"rendered":"<p style=\"text-align: center;\"><span style=\"font-size: 18pt;\"><strong><span style=\"color: #006699;\">DIE DETEKTIVE DER DETEKTEI TEAM 24 SIND VOR ORT F\u00dcR SIE IM EINSATZ!<\/span><\/strong><\/span><\/p>\n<p style=\"text-align: center;\"><img loading=\"lazy\" decoding=\"async\" class=\"alignnone wp-image-295 size-full\" src=\"https:\/\/detektei-team24.com\/wordpress\/wp-content\/uploads\/2024\/07\/detektei-griechenland-detektiv.jpg\" alt=\"\" width=\"500\" height=\"333\" srcset=\"https:\/\/detektei-team24.com\/wordpress\/wp-content\/uploads\/2024\/07\/detektei-griechenland-detektiv.jpg 500w, https:\/\/detektei-team24.com\/wordpress\/wp-content\/uploads\/2024\/07\/detektei-griechenland-detektiv-300x200.jpg 300w\" sizes=\"auto, (max-width: 500px) 100vw, 500px\" \/><\/p>\n<p style=\"text-align: center;\"><span style=\"font-size: 14pt;\"><strong><span style=\"color: #006699;\">WIR \u00dcBERZEUGEN DURCH PROFESSIONELLE BEWEISBESCHAFFUNG UND GARANTIEREN ABSOLUTE DISKRETION!<\/span><\/strong><\/span><\/p>\n<p style=\"text-align: center;\"><span style=\"font-size: 14pt;\"><strong><span style=\"color: #006699;\">OPERATIVES EINSATZGEBIET DER DETEKTIVE DER DETEKTEI TEAM 24<\/span><\/strong><\/span><br \/>\n<em><span style=\"font-size: 14pt;\"><strong><span style=\"color: #006699;\">&#8211; GRIECHENLAND* \/ STADT ATHEN &#8211;<\/span><\/strong><\/span><\/em><\/p>\n<p>Die Detektei Team 24 ist eine der erfolgreichsten Detekteien in Deutschland. Durch die hervorragende Vernetzung mit den weltweit besten Detektiven (haupts\u00e4chlich Mitglieder der WAD \u2013 World Association of Detectives -) sind wir auch in Griechenland vertreten. Als Ihr zuverl\u00e4ssiger Partner ist die Detektei Team 24 aber auch global t\u00e4tig.<\/p>\n<p>Wenn Sie uns in Griechenland ben\u00f6tigen, sind wir binnen weniger Tage vor Ort und nehmen die Ermittlungsarbeiten auf. Dabei erf\u00fcllen unsere Wirtschafts- und Privatdetektive h\u00f6chste Anforderungen an Diskretion, Seriosit\u00e4t und Effizienz. Ob f\u00fcr Privatpersonen, Anwaltskanzleien oder Betriebe aus Industrie, Dienstleistung und Gewerbe:<\/p>\n<p>Wir konzipieren und verwirklichen f\u00fcr jeden unserer Mandanten gerichtsverwertbare L\u00f6sungskonzepte. Dank der Erfahrung und der Kenntnis der landesspezifischen Gesetzeslage durch unsere Korrespondentinnen und Korrespondenten k\u00f6nnen unsere spezialisierten Wirtschaftsdetektive beispielsweise in Konkurrenz- und Patentangelegenheiten sowie bei Mitarbeiter\u00fcberpr\u00fcfungen recherchieren und \u00fcberwachen, w\u00e4hrend unsere Privatdetektive in Sorgerechts- und Unterhaltsangelegenheiten sowie in Partnerschafts- und Erbschaftsangelegenheiten h\u00e4ufig auch in Griechenland erfolgreich im Einsatz sind. Rufen Sie uns noch heute an oder kontaktieren Sie uns \u00fcber das Formular auf der rechten Seite.<\/p>\n<p>Schuldnerermittlung in Athen und Kreta<\/p>\n<p>Ein in Deutschland ans\u00e4ssiger griechischer Unternehmer beauftragte unsere Detektei mit einer Schuldnerermittlung in Griechenland. Die Zielperson hatte bei dem Gesch\u00e4ftsmann umfangreiche Einrichtungsgegenst\u00e4nde f\u00fcr ein Restaurant bestellt, jedoch nicht daf\u00fcr bezahlt. Die gesuchte Person sollte sich in der griechischen Metropole Athen eine entsprechende Existenz geschaffen haben.<\/p>\n<p>Gemeinsam mit den ortsans\u00e4ssigen Privatdetektiven aus Griechenland ermittelten wir vor Ort den Aufenthaltsort unseres Debitors. Mit unseren Kollegen und Kolleginnen betraten wir ein behaglich ausgestattetes Lokal mit s\u00fcdl\u00e4ndischem Ambiente und zauberhaftem Flair. Bedauerlicherweise geh\u00f6rten das Inventar und die Einrichtung nicht unserer Zielperson, da er sie nicht bezahlt hatte.<\/p>\n<p>Wir haben die Ausstattung mit den uns zur Verf\u00fcgung stehenden Fotografien verglichen und konnten sie so eindeutig identifizieren. Unser Mann war pers\u00f6nlich der Gesch\u00e4ftsf\u00fchrer und hat uns die Speisekarte gebracht. Wir haben ihn an unseren Tisch gebeten und ihn mit den Fakten konfrontiert. Wie zu erwarten, stritt er zun\u00e4chst alles ab, doch die Bilder belehrten ihn eines Besseren.<\/p>\n<p>Wir haben unserem Mandanten den Erfolg mitgeteilt und er hat nun alle M\u00f6glichkeiten, seine Anspr\u00fcche durchzusetzen.<\/p>\n<p>Fakten \u00fcber Griechenland:<\/p>\n<p>Der Mittelmeerstaat Griechenland hat rund 11 Millionen Einwohner und j\u00e4hrlich kommen weitere Millionen Besucher. Hauptstadt ist Athen. Die griechische Metropole hat rund 665.000 Einwohner. Ber\u00fchmt sind auch die St\u00e4dte Thessaloniki und viele Inseln wie Korfu und Rhodos.<\/p>\n<p>Die Fl\u00fcsse Pinios, Nestos und Axos, die das Land durchflie\u00dfen, werden vor allem zur Energiegewinnung eingesetzt.<\/p>\n<hr \/>\n<p><strong>*BETRIEBSST\u00c4TTENHINWEIS<\/strong><\/p>\n<p>Wir machen darauf aufmerksam, das es sich bei den im Internetauftritt von <span style=\"color: #006699;\"><a style=\"color: #006699;\" href=\"https:\/\/detektei-team24.com\/\">www.detektei-team24.com<\/a><\/span> aufgef\u00fchrten Einsatzgebieten und St\u00e4dten nicht um Firmensitze oder Niederlassungen handelt. Durch den Verzicht kostenaufw\u00e4ndiger B\u00fcros kommt Ihnen eine faire und kosteng\u00fcnstige Honorargestaltung zu Gute. Alle Eins\u00e4tze der Detektei werden von unserer Zentrale in Alzenau aus koordiniert und verwaltet. Ihnen entstehen bspw. keine Kosten f\u00fcr An- und Abfahrt, Foto- bzw. Videodokumentation. Ihr erfahrener Ansprechpartner wird Sie diskret und professionell zum Thema Detektivdienstleistung beraten.<\/p>\n<p style=\"text-align: center;\"><span style=\"font-size: 14pt; color: #006699;\"><strong>DETEKTEI TEAM 24<\/strong><\/span><\/p>\n<p style=\"text-align: center;\"><span style=\"font-size: 14pt; color: #006699;\"><strong>IHR ERMITTLUNGSPEZIALIST F\u00dcR <\/strong><strong><a style=\"color: #006699;\" title=\"Detektei-Griechenland-Detektiv\" href=\"https:\/\/detektei-team24.com\/wordpress\/international\/detektei-griechenland-detektiv\/\">GRIECHENLAND<\/a><\/strong><strong>* !<\/strong><\/span><\/p>\n<p><img loading=\"lazy\" decoding=\"async\" class=\"size-full wp-image-51 alignright\" src=\"https:\/\/detektei-team24.com\/wordpress\/wp-content\/uploads\/2024\/07\/handshake.jpg\" alt=\"\" width=\"180\" height=\"120\" \/>Kostenlose Erstberatung und Einsch\u00e4tzung von einem unserer erfahrenen Detektive:<\/p>\n<p style=\"text-align: center;\"><span style=\"color: #006699;\"><a style=\"color: #006699;\" href=\"mailto:info@detektei-team24.com\">&#8211; Schnell-Kontakt via Email &#8211;<\/a><\/span><\/p>\n","protected":false},"excerpt":{"rendered":"<p>DIE DETEKTIVE DER DETEKTEI TEAM 24 SIND VOR ORT F\u00dcR SIE IM EINSATZ! WIR \u00dcBERZEUGEN DURCH PROFESSIONELLE BEWEISBESCHAFFUNG UND GARANTIEREN ABSOLUTE DISKRETION! OPERATIVES EINSATZGEBIET DER DETEKTIVE DER DETEKTEI TEAM 24 &#8211; GRIECHENLAND* \/ STADT ATHEN &#8211; Die Detektei Team 24 ist eine der erfolgreichsten Detekteien in Deutschland. Durch die hervorragende Vernetzung mit den weltweit besten&#8230;<\/p>\n","protected":false},"author":1,"featured_media":0,"parent":76,"menu_order":0,"comment_status":"closed","ping_status":"closed","template":"","meta":{"footnotes":""},"class_list":["post-294","page","type-page","status-publish","hentry"],"aioseo_notices":[],"_links":{"self":[{"href":"https:\/\/detektei-team24.com\/wordpress\/wp-json\/wp\/v2\/pages\/294","targetHints":{"allow":["GET"]}}],"collection":[{"href":"https:\/\/detektei-team24.com\/wordpress\/wp-json\/wp\/v2\/pages"}],"about":[{"href":"https:\/\/detektei-team24.com\/wordpress\/wp-json\/wp\/v2\/types\/page"}],"author":[{"embeddable":true,"href":"https:\/\/detektei-team24.com\/wordpress\/wp-json\/wp\/v2\/users\/1"}],"replies":[{"embeddable":true,"href":"https:\/\/detektei-team24.com\/wordpress\/wp-json\/wp\/v2\/comments?post=294"}],"version-history":[{"count":3,"href":"https:\/\/detektei-team24.com\/wordpress\/wp-json\/wp\/v2\/pages\/294\/revisions"}],"predecessor-version":[{"id":724,"href":"https:\/\/detektei-team24.com\/wordpress\/wp-json\/wp\/v2\/pages\/294\/revisions\/724"}],"up":[{"embeddable":true,"href":"https:\/\/detektei-team24.com\/wordpress\/wp-json\/wp\/v2\/pages\/76"}],"wp:attachment":[{"href":"https:\/\/detektei-team24.com\/wordpress\/wp-json\/wp\/v2\/media?parent=294"}],"curies":[{"name":"wp","href":"https:\/\/api.w.org\/{rel}","templated":true}]}}