{"id":277,"date":"2024-07-03T08:14:23","date_gmt":"2024-07-03T08:14:23","guid":{"rendered":"https:\/\/detektei-team24.com\/wordpress\/?page_id=277"},"modified":"2024-07-23T09:27:12","modified_gmt":"2024-07-23T09:27:12","slug":"detektei-finnland-detektiv","status":"publish","type":"page","link":"https:\/\/detektei-team24.com\/wordpress\/international\/detektei-finnland-detektiv\/","title":{"rendered":"Detektei-Finnland-Detektiv"},"content":{"rendered":"<p style=\"text-align: center;\"><span style=\"font-size: 18pt; color: #006699;\"><strong>DIE DETEKTIVE DER DETEKTEI TEAM 24 SIND VOR ORT F\u00dcR SIE IM EINSATZ!<\/strong><\/span><\/p>\n<p style=\"text-align: center;\"><img loading=\"lazy\" decoding=\"async\" class=\"alignnone wp-image-278 size-full\" src=\"https:\/\/detektei-team24.com\/wordpress\/wp-content\/uploads\/2024\/07\/detektei-finnland-detektiv.jpg\" alt=\"\" width=\"500\" height=\"333\" srcset=\"https:\/\/detektei-team24.com\/wordpress\/wp-content\/uploads\/2024\/07\/detektei-finnland-detektiv.jpg 500w, https:\/\/detektei-team24.com\/wordpress\/wp-content\/uploads\/2024\/07\/detektei-finnland-detektiv-300x200.jpg 300w\" sizes=\"auto, (max-width: 500px) 100vw, 500px\" \/><\/p>\n<p style=\"text-align: center;\"><span style=\"font-size: 14pt; color: #006699;\"><strong>WIR \u00dcBERZEUGEN DURCH PROFESSIONELLE BEWEISBESCHAFFUNG UND GARANTIEREN ABSOLUTE DISKRETION!<\/strong><\/span><\/p>\n<p style=\"text-align: center;\"><span style=\"font-size: 14pt; color: #006699;\"><strong>OPERATIVES EINSATZGEBIET DER DETEKTIVE DER DETEKTEI TEAM 24<\/strong><\/span><br \/>\n<em><span style=\"font-size: 14pt; color: #006699;\"><strong>&#8211; FINNLAND* \/ STADT HELSINKI &#8211;<\/strong><\/span><\/em><\/p>\n<p>Die Detektei Team 24 ist eine der erfolgreichsten Detekteien in Deutschland. Durch die hervorragende Vernetzung mit den weltweit besten Detektiven (haupts\u00e4chlich Mitglieder der WAD \u2013 World Association of Detectives -) sind wir auch in Finnland vertreten. Als Ihr zuverl\u00e4ssiger Partner ist die Detektei Team 24 aber auch global t\u00e4tig.<\/p>\n<p>Wenn Sie uns in Finnland ben\u00f6tigen, sind wir binnen weniger Tage vor Ort und nehmen die Ermittlungsarbeiten auf. Dabei erf\u00fcllen unsere Wirtschafts- und Privatdetektive h\u00f6chste Anforderungen an Diskretion, Seriosit\u00e4t und Effizienz. Ob f\u00fcr Privatpersonen, Anwaltskanzleien oder Betriebe aus Industrie, Dienstleistung und Gewerbe:<\/p>\n<p>Wir konzipieren und verwirklichen f\u00fcr jeden unserer Mandanten gerichtsverwertbare L\u00f6sungskonzepte. Dank der Erfahrung und der Kenntnis der landesspezifischen Gesetzeslage durch unsere Korrespondentinnen und Korrespondenten k\u00f6nnen unsere spezialisierten Wirtschaftsdetektive beispielsweise in Konkurrenz- und Patentangelegenheiten sowie bei Mitarbeiter\u00fcberpr\u00fcfungen recherchieren und \u00fcberwachen, w\u00e4hrend unsere Privatdetektive in Sorgerechts- und Unterhaltsangelegenheiten sowie in Partnerschafts- und Erbschaftsangelegenheiten h\u00e4ufig auch in Finnland erfolgreich im Einsatz sind. Rufen Sie uns noch heute an oder kontaktieren Sie uns \u00fcber das Formular auf der rechten Seite.<\/p>\n<p>Personal\u00fcberwachung in Helsinki<\/p>\n<p>Ein namhaftes Handelsunternehmen mit einer Filiale in Helsinki erteilte uns den Auftrag, gemeinsam mit den Kollegen vor Ort als Warenhausdetektive t\u00e4tig zu werden. Anlass f\u00fcr den Auftrag war, dass dort seit einiger Zeit ein erheblicher Schwund an hochwertiger Bekleidung zu verzeichnen war.<\/p>\n<p>Gemeinsam mit unseren finnischen Detektiv-Partnern tarnten wir uns als ganz gew\u00f6hnliche Kundinnen und Kunden und \u00fcberwachten das Treiben in dem Kaufhaus. An den ersten beiden Tagen gab es keine nennenswerten Zwischenf\u00e4lle, doch am darauffolgenden Tag fiel uns ein P\u00e4rchen auf, das sich sehr verd\u00e4chtig benahm. Die Verd\u00e4chtigen nahmen sieben Bekleidungsst\u00fccke mit in die Umkleidekabine, zwei mehr als zugelassen, und tauchten dann wieder auf.<\/p>\n<p>Jetzt trugen sie aber nur noch vier Kleidungsst\u00fccke. Diese h\u00e4ngten sie wieder auf den Kleiderst\u00e4nder und spazierten ohne gro\u00dfe Aufregung zum Ausgang. Dort wurden sie von uns angesprochen und ins B\u00fcro gebeten, da die fehlenden Kleidungsst\u00fccke nicht im Kaufhaus zu finden waren. Dort stellten wir fest, dass sie einfach hochwertige Oberkleidung angezogen und ihre Jacke dar\u00fcber gezogen hatten. Vorher hatten sie die Warensicherungsetiketten abmontiert.<\/p>\n<p>Ein rascher Ermittlungserfolg unserer Detektei.<\/p>\n<p>Interessantes \u00fcber Finnland:<br \/>\nFinnland, das Land der tausend Seen, ist mit rund 5,45 Millionen Einwohnern eines der am weitesten n\u00f6rdlich gelegenen L\u00e4nder der Erdkugel. Zu den wichtigsten St\u00e4dten des Landes z\u00e4hlen neben der Hauptstadt Helsinki die St\u00e4dte Tampere und Turku. Fast alle Fl\u00fcsse Finnlands geh\u00f6ren zum Einzugsgebiet der Ostsee. Der Vantaanjoki durchflie\u00dft das Land, bevor er ins Meer m\u00fcndet.<\/p>\n<p>Helsinki ist mit rund 605.000 Einwohnern die wichtigste Metropole und das wirtschaftlich bedeutendste Zentrum des Landes. Zu Moskau und Peking unterh\u00e4lt die Stadt besondere Beziehungen im Rahmen von St\u00e4dtepartnerschaften.<\/p>\n<hr \/>\n<p><strong>*BETRIEBSST\u00c4TTENHINWEIS<\/strong><\/p>\n<p>Wir machen darauf aufmerksam, das es sich bei den im Internetauftritt von <span style=\"color: #006699;\"><a style=\"color: #006699;\" href=\"https:\/\/detektei-team24.com\/\">www.detektei-team24.com<\/a><\/span> aufgef\u00fchrten Einsatzgebieten und St\u00e4dten nicht um Firmensitze oder Niederlassungen handelt. Durch den Verzicht kostenaufw\u00e4ndiger B\u00fcros kommt Ihnen eine faire und kosteng\u00fcnstige Honorargestaltung zu Gute. Alle Eins\u00e4tze der Detektei werden von unserer Zentrale in Alzenau aus koordiniert und verwaltet. Ihnen entstehen bspw. keine Kosten f\u00fcr An- und Abfahrt, Foto- bzw. Videodokumentation. Ihr erfahrener Ansprechpartner wird Sie diskret und professionell zum Thema Detektivdienstleistung beraten.<\/p>\n<p style=\"text-align: center;\"><span style=\"font-size: 14pt; color: #006699;\"><strong>DETEKTEI TEAM 24<\/strong><\/span><\/p>\n<p style=\"text-align: center;\"><span style=\"font-size: 14pt; color: #006699;\"><strong>IHR ERMITTLUNGSPEZIALIST F\u00dcR <span style=\"color: #006699;\"><a style=\"color: #006699;\" title=\"Detektei-Finnland-Detektiv\" href=\"https:\/\/detektei-team24.com\/wordpress\/international\/detektei-finnland-detektiv\/\">FINNLAND<\/a><\/span>* !<\/strong><\/span><\/p>\n<p><img loading=\"lazy\" decoding=\"async\" class=\"size-full wp-image-51 alignright\" src=\"https:\/\/detektei-team24.com\/wordpress\/wp-content\/uploads\/2024\/07\/handshake.jpg\" alt=\"\" width=\"180\" height=\"120\" \/>Kostenlose Erstberatung und Einsch\u00e4tzung von einem unserer erfahrenen Detektive:<\/p>\n<p style=\"text-align: center;\"><span style=\"color: #006699;\"><a style=\"color: #006699;\" href=\"mailto:info@detektei-team24.com\">&#8211; Schnell-Kontakt via Email &#8211;<\/a><\/span><\/p>\n","protected":false},"excerpt":{"rendered":"<p>DIE DETEKTIVE DER DETEKTEI TEAM 24 SIND VOR ORT F\u00dcR SIE IM EINSATZ! WIR \u00dcBERZEUGEN DURCH PROFESSIONELLE BEWEISBESCHAFFUNG UND GARANTIEREN ABSOLUTE DISKRETION! OPERATIVES EINSATZGEBIET DER DETEKTIVE DER DETEKTEI TEAM 24 &#8211; FINNLAND* \/ STADT HELSINKI &#8211; Die Detektei Team 24 ist eine der erfolgreichsten Detekteien in Deutschland. Durch die hervorragende Vernetzung mit den weltweit besten&#8230;<\/p>\n","protected":false},"author":1,"featured_media":0,"parent":76,"menu_order":0,"comment_status":"closed","ping_status":"closed","template":"","meta":{"footnotes":""},"class_list":["post-277","page","type-page","status-publish","hentry"],"aioseo_notices":[],"_links":{"self":[{"href":"https:\/\/detektei-team24.com\/wordpress\/wp-json\/wp\/v2\/pages\/277","targetHints":{"allow":["GET"]}}],"collection":[{"href":"https:\/\/detektei-team24.com\/wordpress\/wp-json\/wp\/v2\/pages"}],"about":[{"href":"https:\/\/detektei-team24.com\/wordpress\/wp-json\/wp\/v2\/types\/page"}],"author":[{"embeddable":true,"href":"https:\/\/detektei-team24.com\/wordpress\/wp-json\/wp\/v2\/users\/1"}],"replies":[{"embeddable":true,"href":"https:\/\/detektei-team24.com\/wordpress\/wp-json\/wp\/v2\/comments?post=277"}],"version-history":[{"count":3,"href":"https:\/\/detektei-team24.com\/wordpress\/wp-json\/wp\/v2\/pages\/277\/revisions"}],"predecessor-version":[{"id":721,"href":"https:\/\/detektei-team24.com\/wordpress\/wp-json\/wp\/v2\/pages\/277\/revisions\/721"}],"up":[{"embeddable":true,"href":"https:\/\/detektei-team24.com\/wordpress\/wp-json\/wp\/v2\/pages\/76"}],"wp:attachment":[{"href":"https:\/\/detektei-team24.com\/wordpress\/wp-json\/wp\/v2\/media?parent=277"}],"curies":[{"name":"wp","href":"https:\/\/api.w.org\/{rel}","templated":true}]}}