{"id":273,"date":"2024-07-03T08:05:22","date_gmt":"2024-07-03T08:05:22","guid":{"rendered":"https:\/\/detektei-team24.com\/wordpress\/?page_id=273"},"modified":"2024-07-23T09:26:20","modified_gmt":"2024-07-23T09:26:20","slug":"detektei-estland-detektiv","status":"publish","type":"page","link":"https:\/\/detektei-team24.com\/wordpress\/international\/detektei-estland-detektiv\/","title":{"rendered":"Detektei-Estland-Detektiv"},"content":{"rendered":"<p style=\"text-align: center;\"><span style=\"color: #006699; font-size: 18pt;\"><strong>DIE DETEKTIVE DER DETEKTEI TEAM 24 SIND VOR ORT F\u00dcR SIE IM EINSATZ!<\/strong><\/span><\/p>\n<p style=\"text-align: center;\"><img loading=\"lazy\" decoding=\"async\" class=\"alignnone wp-image-274 size-full\" src=\"https:\/\/detektei-team24.com\/wordpress\/wp-content\/uploads\/2024\/07\/detektei-estland-detektiv.jpg\" alt=\"\" width=\"500\" height=\"333\" srcset=\"https:\/\/detektei-team24.com\/wordpress\/wp-content\/uploads\/2024\/07\/detektei-estland-detektiv.jpg 500w, https:\/\/detektei-team24.com\/wordpress\/wp-content\/uploads\/2024\/07\/detektei-estland-detektiv-300x200.jpg 300w\" sizes=\"auto, (max-width: 500px) 100vw, 500px\" \/><\/p>\n<p style=\"text-align: center;\"><span style=\"color: #006699;\"><strong><span style=\"font-size: 14pt;\">WIR \u00dcBERZEUGEN DURCH PROFESSIONELLE BEWEISBESCHAFFUNG UND GARANTIEREN ABSOLUTE DISKRETION!<\/span><\/strong><\/span><\/p>\n<p style=\"text-align: center;\"><span style=\"color: #006699;\"><strong><span style=\"font-size: 14pt;\">OPERATIVES EINSATZGEBIET DER DETEKTIVE DER DETEKTEI TEAM 24<\/span><\/strong><\/span><br \/>\n<em><span style=\"color: #006699;\"><strong><span style=\"font-size: 14pt;\">&#8211; ESTLAND* \/ STADT TALLINN &#8211;<\/span><\/strong><\/span><\/em><\/p>\n<p>Die Detektei Team 24 ist eine der erfolgreichsten Detekteien in Deutschland. Durch die hervorragende Vernetzung mit den weltweit besten Detektiven (haupts\u00e4chlich Mitglieder der WAD \u2013 World Association of Detectives -) sind wir auch in Estland vertreten. Als Ihr zuverl\u00e4ssiger Partner ist die Detektei Team 24 aber auch global t\u00e4tig.<\/p>\n<p>Wenn Sie uns in Estland ben\u00f6tigen, sind wir binnen weniger Tage vor Ort und nehmen die Ermittlungsarbeiten auf. Dabei erf\u00fcllen unsere Wirtschafts- und Privatdetektive h\u00f6chste Anforderungen an Diskretion, Seriosit\u00e4t und Effizienz. Ob f\u00fcr Privatpersonen, Anwaltskanzleien oder Betriebe aus Industrie, Dienstleistung und Gewerbe:<\/p>\n<p>Wir konzipieren und verwirklichen f\u00fcr jeden unserer Mandanten gerichtsverwertbare L\u00f6sungskonzepte. Dank der Erfahrung und der Kenntnis der landesspezifischen Gesetzeslage durch unsere Korrespondentinnen und Korrespondenten k\u00f6nnen unsere spezialisierten Wirtschaftsdetektive beispielsweise in Konkurrenz- und Patentangelegenheiten sowie bei Mitarbeiter\u00fcberpr\u00fcfungen recherchieren und \u00fcberwachen, w\u00e4hrend unsere Privatdetektive in Sorgerechts- und Unterhaltsangelegenheiten sowie in Partnerschafts- und Erbschaftsangelegenheiten h\u00e4ufig auch in Estland erfolgreich im Einsatz sind. Rufen Sie uns noch heute an oder kontaktieren Sie uns \u00fcber das Formular auf der rechten Seite.<\/p>\n<p>Das n\u00f6rdlichste Land des Baltikums z\u00e4hlt etwa 1.3 Millionen Einwohner und ist seit dem Jahre 1991 unabh\u00e4ngig. Der gr\u00f6\u00dfte See des Landes ist der Peipsi J\u00e4rv.<\/p>\n<p>Neben der Hauptstadt Tallinn, in der rund 430.000 Menschen leben, z\u00e4hlen Tartu und Narva zu den wirtschaftlich bedeutendsten St\u00e4dten. Tallinn wurde zum Einsatzort f\u00fcr die Ermittler der Detektei Team 24.<\/p>\n<p>Eine estl\u00e4ndische Spedition welche in der Hauptstadt Estlands in Tallinn ans\u00e4ssig ist beauftrage die Detektei Team 24 Nachforschungen bez\u00fcglich einer LKW Route, welche von Estland nach Deutschland f\u00fchrte, anzustellen.<\/p>\n<p>Zusammen mit renommierten Kollegen welche in Muuga im norden Estlands ans\u00e4ssig sind gelang es den Detektiven den Fahrer der Spedition, welcher f\u00fcr die besagte Route zust\u00e4ndig war, nahezu durchg\u00e4ngig zu observieren.<\/p>\n<p>In Valga an der Grenze zu Lettland konnten die Detektive vor Ort den Fahrer des LKW dabei beobachten wie ein nicht unerheblicher Teil der Ladung rechtswidrig den Besitzer wechselte. Die Detektive der Detektei Team 24 konnten mit Hilfe der Kollegen aus Estland einen schweren Diebstahl aufdecken und dokumentieren. Die estl\u00e4ndische Firma in Tallinn war indes erleichtert, dass der &#8222;Warenschwund&#8220; nun ein Ende hatte.<\/p>\n<p>Die Detektive der Detektei Team 24 ermitteln aufgrund eines renommierten weltweiten Netzwerks europaweit f\u00fcr Ihre Kunden und bieten auch in Estland schnelle und unb\u00fcrokratische Hilfe.<\/p>\n<hr \/>\n<p><strong>*BETRIEBSST\u00c4TTENHINWEIS<\/strong><\/p>\n<p>Wir machen darauf aufmerksam, das es sich bei den im Internetauftritt von <span style=\"color: #006699;\"><a style=\"color: #006699;\" href=\"https:\/\/detektei-team24.com\/\">www.detektei-team24.com<\/a><\/span> aufgef\u00fchrten Einsatzgebieten und St\u00e4dten nicht um Firmensitze oder Niederlassungen handelt. Durch den Verzicht kostenaufw\u00e4ndiger B\u00fcros kommt Ihnen eine faire und kosteng\u00fcnstige Honorargestaltung zu Gute. Alle Eins\u00e4tze der Detektei werden von unserer Zentrale in Alzenau aus koordiniert und verwaltet. Ihnen entstehen bspw. keine Kosten f\u00fcr An- und Abfahrt, Foto- bzw. Videodokumentation. Ihr erfahrener Ansprechpartner wird Sie diskret und professionell zum Thema Detektivdienstleistung beraten.<\/p>\n<p style=\"text-align: center;\"><span style=\"font-size: 14pt; color: #006699;\"><strong>DETEKTEI TEAM 24<\/strong><\/span><\/p>\n<p style=\"text-align: center;\"><span style=\"font-size: 14pt; color: #006699;\"><strong>IHR ERMITTLUNGSPEZIALIST F\u00dcR <span style=\"color: #006699;\"><a style=\"color: #006699;\" title=\"Detektei-Estland-Detektiv\" href=\"https:\/\/detektei-team24.com\/wordpress\/international\/detektei-estland-detektiv\/\">ESTLAND<\/a><\/span>* UND DAS BALTIKUM!<\/strong><\/span><\/p>\n<p><img loading=\"lazy\" decoding=\"async\" class=\"size-full wp-image-51 alignright\" src=\"https:\/\/detektei-team24.com\/wordpress\/wp-content\/uploads\/2024\/07\/handshake.jpg\" alt=\"\" width=\"180\" height=\"120\" \/>Kostenlose Erstberatung und Einsch\u00e4tzung von einem unserer erfahrenen Detektive:<\/p>\n<p style=\"text-align: center;\"><span style=\"color: #006699;\"><a style=\"color: #006699;\" href=\"mailto:info@detektei-team24.com\">&#8211; Schnell-Kontakt via Email &#8211;<\/a><\/span><\/p>\n","protected":false},"excerpt":{"rendered":"<p>DIE DETEKTIVE DER DETEKTEI TEAM 24 SIND VOR ORT F\u00dcR SIE IM EINSATZ! WIR \u00dcBERZEUGEN DURCH PROFESSIONELLE BEWEISBESCHAFFUNG UND GARANTIEREN ABSOLUTE DISKRETION! OPERATIVES EINSATZGEBIET DER DETEKTIVE DER DETEKTEI TEAM 24 &#8211; ESTLAND* \/ STADT TALLINN &#8211; Die Detektei Team 24 ist eine der erfolgreichsten Detekteien in Deutschland. Durch die hervorragende Vernetzung mit den weltweit besten&#8230;<\/p>\n","protected":false},"author":1,"featured_media":0,"parent":76,"menu_order":0,"comment_status":"closed","ping_status":"closed","template":"","meta":{"footnotes":""},"class_list":["post-273","page","type-page","status-publish","hentry"],"aioseo_notices":[],"_links":{"self":[{"href":"https:\/\/detektei-team24.com\/wordpress\/wp-json\/wp\/v2\/pages\/273","targetHints":{"allow":["GET"]}}],"collection":[{"href":"https:\/\/detektei-team24.com\/wordpress\/wp-json\/wp\/v2\/pages"}],"about":[{"href":"https:\/\/detektei-team24.com\/wordpress\/wp-json\/wp\/v2\/types\/page"}],"author":[{"embeddable":true,"href":"https:\/\/detektei-team24.com\/wordpress\/wp-json\/wp\/v2\/users\/1"}],"replies":[{"embeddable":true,"href":"https:\/\/detektei-team24.com\/wordpress\/wp-json\/wp\/v2\/comments?post=273"}],"version-history":[{"count":3,"href":"https:\/\/detektei-team24.com\/wordpress\/wp-json\/wp\/v2\/pages\/273\/revisions"}],"predecessor-version":[{"id":720,"href":"https:\/\/detektei-team24.com\/wordpress\/wp-json\/wp\/v2\/pages\/273\/revisions\/720"}],"up":[{"embeddable":true,"href":"https:\/\/detektei-team24.com\/wordpress\/wp-json\/wp\/v2\/pages\/76"}],"wp:attachment":[{"href":"https:\/\/detektei-team24.com\/wordpress\/wp-json\/wp\/v2\/media?parent=273"}],"curies":[{"name":"wp","href":"https:\/\/api.w.org\/{rel}","templated":true}]}}