{"id":264,"date":"2024-07-03T07:55:11","date_gmt":"2024-07-03T07:55:11","guid":{"rendered":"https:\/\/detektei-team24.com\/wordpress\/?page_id=264"},"modified":"2024-07-23T09:24:44","modified_gmt":"2024-07-23T09:24:44","slug":"detektei-dubai-detektiv","status":"publish","type":"page","link":"https:\/\/detektei-team24.com\/wordpress\/international\/detektei-dubai-detektiv\/","title":{"rendered":"Detektei-Dubai-Detektiv"},"content":{"rendered":"<p style=\"text-align: center;\"><span style=\"font-size: 18pt;\"><strong><span style=\"color: #006699;\">DIE DETEKTIVE DER DETEKTEI TEAM 24 SIND VOR ORT F\u00dcR SIE IM EINSATZ!<\/span><\/strong><\/span><\/p>\n<p style=\"text-align: center;\"><img loading=\"lazy\" decoding=\"async\" class=\"alignnone wp-image-265 size-full\" src=\"https:\/\/detektei-team24.com\/wordpress\/wp-content\/uploads\/2024\/07\/detektei_dubai_detektiv.jpg\" alt=\"\" width=\"500\" height=\"333\" srcset=\"https:\/\/detektei-team24.com\/wordpress\/wp-content\/uploads\/2024\/07\/detektei_dubai_detektiv.jpg 500w, https:\/\/detektei-team24.com\/wordpress\/wp-content\/uploads\/2024\/07\/detektei_dubai_detektiv-300x200.jpg 300w\" sizes=\"auto, (max-width: 500px) 100vw, 500px\" \/><\/p>\n<p style=\"text-align: center;\"><span style=\"font-size: 14pt;\"><strong><span style=\"color: #006699;\">WIR \u00dcBERZEUGEN DURCH PROFESSIONELLE BEWEISBESCHAFFUNG UND GARANTIEREN ABSOLUTE DISKRETION!<\/span><\/strong><\/span><\/p>\n<p style=\"text-align: center;\"><span style=\"font-size: 14pt;\"><strong><span style=\"color: #006699;\">OPERATIVES EINSATZGEBIET DER DETEKTIVE DER DETEKTEI TEAM 24<\/span><\/strong><\/span><br \/>\n<em><span style=\"font-size: 14pt;\"><strong><span style=\"color: #006699;\">-VEREINIGTEN ARABISCHEN EMIRATE \/ DUBAI*-<\/span><\/strong><\/span><\/em><\/p>\n<p>Die Detektei Team 24 ist eine der erfolgreichsten Detekteien in Deutschland. Durch die hervorragende Vernetzung mit den weltweit besten Detektiven (haupts\u00e4chlich Mitglieder der WAD \u2013 World Association of Detectives -) sind wir auch in Dubai vertreten. Als Ihr zuverl\u00e4ssiger Partner ist die Detektei Team 24 aber auch global t\u00e4tig.<\/p>\n<p>Wenn Sie uns in Dubai ben\u00f6tigen, sind wir binnen weniger Tage vor Ort und nehmen die Ermittlungsarbeiten auf. Dabei erf\u00fcllen unsere Wirtschafts- und Privatdetektive h\u00f6chste Anforderungen an Diskretion, Seriosit\u00e4t und Effizienz. Ob f\u00fcr Privatpersonen, Anwaltskanzleien oder Betriebe aus Industrie, Dienstleistung und Gewerbe:<\/p>\n<p>Wir konzipieren und verwirklichen f\u00fcr jeden unserer Mandanten gerichtsverwertbare L\u00f6sungskonzepte. Dank der Erfahrung und der Kenntnis der landesspezifischen Gesetzeslage durch unsere Korrespondentinnen und Korrespondenten k\u00f6nnen unsere spezialisierten Wirtschaftsdetektive beispielsweise in Konkurrenz- und Patentangelegenheiten sowie bei Mitarbeiter\u00fcberpr\u00fcfungen recherchieren und \u00fcberwachen, w\u00e4hrend unsere Privatdetektive in Sorgerechts- und Unterhaltsangelegenheiten sowie in Partnerschafts- und Erbschaftsangelegenheiten h\u00e4ufig auch in Dubai erfolgreich im Einsatz sind. Rufen Sie uns noch heute an oder kontaktieren Sie uns \u00fcber das Formular auf der rechten Seite.<\/p>\n<p>Dubai auch (als Abgrenzung vom Emirat Dubai) als \u201eDubai Stadt\u201c oder \u201eDubai City\u201c bezeichnet beherbergt ca. 85% der Einwohner des Emirates. Die Stadt Dubai wird durch den Dubai Creek eine Bucht im persischen Golf geteilt und ist sogleich die Hauptstadt der VAE.<\/p>\n<p>Ein deutscher Gesch\u00e4ftsmann, welcher in Dubai City beruflich zu tun hatte, engagierte die Detektive der Detektei Team 24. Das Schl\u00fcsselwort hierbei lautete Lauschabwehr. Der Deutsche bef\u00fcrchtete in seinem Hotelzimmer von einem Konkurrenzunternehmen abgeh\u00f6rt oder gar gefilmt zu werden. Um auf Nummer sicher zu gehen rief er die Ermittler der Detektei Team 24 zur Hilfe. Die Abh\u00f6rspezialisten aus Deutschland durchsuchten t\u00e4glich das Zimmer des Kunden und installierten in dessen Auftrag selbst versteckte Kameras, um jeden, der das Zimmer befugt (Reinigungsdienst) oder unbefugt betrat, zu beobachten. F\u00fcr rechtliche Fragen rund um das Thema kontaktierten die Ermittler einen in Dubai ans\u00e4ssigen Kollegen, der mit Rat und Tat dem deutschen Detektivteam zur Verf\u00fcgung stand. Aus datenschutzrechtlichen Gr\u00fcnden k\u00f6nnen wir hier leider keine weiteren Details nennen.<\/p>\n<p>Die Detektive der Detektei Team 24 sind in schwierigen F\u00e4llen, in denen Spezialwissen, Gr\u00fcndlichkeit und Pr\u00e4zision gefragt sind, also auch in Dubai bzw. in diesem Fall in Dubai Stadt, f\u00fcr ihre Kunden weltweit t\u00e4tig.<\/p>\n<hr \/>\n<p><strong>*BETRIEBSST\u00c4TTENHINWEIS<\/strong><\/p>\n<p>Wir machen darauf aufmerksam, das es sich bei den im Internetauftritt von <span style=\"color: #006699;\"><a style=\"color: #006699;\" href=\"https:\/\/detektei-team24.com\/\">www.detektei-team24.com<\/a><\/span> aufgef\u00fchrten Einsatzgebieten und St\u00e4dten nicht um Firmensitze oder Niederlassungen handelt. Durch den Verzicht kostenaufw\u00e4ndiger B\u00fcros kommt Ihnen eine faire und kosteng\u00fcnstige Honorargestaltung zu Gute. Alle Eins\u00e4tze der Detektei werden von unserer Zentrale in Alzenau aus koordiniert und verwaltet. Ihnen entstehen bspw. keine Kosten f\u00fcr An- und Abfahrt, Foto- bzw. Videodokumentation. Ihr erfahrener Ansprechpartner wird Sie diskret und professionell zum Thema Detektivdienstleistung beraten.<\/p>\n<p style=\"text-align: center;\"><span style=\"font-size: 14pt; color: #006699;\"><strong>DETEKTEI TEAM 24<\/strong><\/span><\/p>\n<p style=\"text-align: center;\"><span style=\"font-size: 14pt; color: #006699;\"><strong>IHR ERMITTLUNGSPEZIALIST F\u00dcR <span style=\"color: #006699;\"><a style=\"color: #006699;\" title=\"Detektei-Dubai-Detektiv\" href=\"https:\/\/detektei-team24.com\/wordpress\/international\/detektei-dubai-detektiv\/\">DUBAI<\/a><\/span>* UND DEN VEREINIGTEN ARABISCHEN EMIRATE !<\/strong><\/span><\/p>\n<p><img loading=\"lazy\" decoding=\"async\" class=\"size-full wp-image-51 alignright\" src=\"https:\/\/detektei-team24.com\/wordpress\/wp-content\/uploads\/2024\/07\/handshake.jpg\" alt=\"\" width=\"180\" height=\"120\" \/>Kostenlose Erstberatung und Einsch\u00e4tzung von einem unserer erfahrenen Detektive:<\/p>\n<p style=\"text-align: center;\"><span style=\"color: #006699;\"><a style=\"color: #006699;\" href=\"mailto:info@detektei-team24.com\">&#8211; Schnell-Kontakt via Email &#8211;<\/a><\/span><\/p>\n","protected":false},"excerpt":{"rendered":"<p>DIE DETEKTIVE DER DETEKTEI TEAM 24 SIND VOR ORT F\u00dcR SIE IM EINSATZ! WIR \u00dcBERZEUGEN DURCH PROFESSIONELLE BEWEISBESCHAFFUNG UND GARANTIEREN ABSOLUTE DISKRETION! OPERATIVES EINSATZGEBIET DER DETEKTIVE DER DETEKTEI TEAM 24 -VEREINIGTEN ARABISCHEN EMIRATE \/ DUBAI*- Die Detektei Team 24 ist eine der erfolgreichsten Detekteien in Deutschland. Durch die hervorragende Vernetzung mit den weltweit besten Detektiven&#8230;<\/p>\n","protected":false},"author":1,"featured_media":0,"parent":76,"menu_order":0,"comment_status":"closed","ping_status":"closed","template":"","meta":{"footnotes":""},"class_list":["post-264","page","type-page","status-publish","hentry"],"aioseo_notices":[],"_links":{"self":[{"href":"https:\/\/detektei-team24.com\/wordpress\/wp-json\/wp\/v2\/pages\/264","targetHints":{"allow":["GET"]}}],"collection":[{"href":"https:\/\/detektei-team24.com\/wordpress\/wp-json\/wp\/v2\/pages"}],"about":[{"href":"https:\/\/detektei-team24.com\/wordpress\/wp-json\/wp\/v2\/types\/page"}],"author":[{"embeddable":true,"href":"https:\/\/detektei-team24.com\/wordpress\/wp-json\/wp\/v2\/users\/1"}],"replies":[{"embeddable":true,"href":"https:\/\/detektei-team24.com\/wordpress\/wp-json\/wp\/v2\/comments?post=264"}],"version-history":[{"count":3,"href":"https:\/\/detektei-team24.com\/wordpress\/wp-json\/wp\/v2\/pages\/264\/revisions"}],"predecessor-version":[{"id":718,"href":"https:\/\/detektei-team24.com\/wordpress\/wp-json\/wp\/v2\/pages\/264\/revisions\/718"}],"up":[{"embeddable":true,"href":"https:\/\/detektei-team24.com\/wordpress\/wp-json\/wp\/v2\/pages\/76"}],"wp:attachment":[{"href":"https:\/\/detektei-team24.com\/wordpress\/wp-json\/wp\/v2\/media?parent=264"}],"curies":[{"name":"wp","href":"https:\/\/api.w.org\/{rel}","templated":true}]}}