{"id":21,"date":"2024-07-02T07:25:08","date_gmt":"2024-07-02T07:25:08","guid":{"rendered":"https:\/\/detektei-team24.com\/wordpress\/?page_id=21"},"modified":"2024-07-24T07:33:54","modified_gmt":"2024-07-24T07:33:54","slug":"startseite","status":"publish","type":"page","link":"https:\/\/detektei-team24.com\/wordpress\/","title":{"rendered":"Startseite"},"content":{"rendered":"<p style=\"text-align: center;\"><strong><span style=\"font-size: 18pt; color: #006699;\">IHRE DETEKTEI F\u00dcR NATIONALE UND INTERNATIONALE PRIVAT- UND WIRTSCHAFTSERMITTLUNGEN<\/span><\/strong><\/p>\n<p>Die Detektive von Detektei-Team24 sind Ihr kompetenter und diskreter Ansprechpartner f\u00fcr gerichtsverwertbare Beweissicherung und Dokumentation zur Realisierung Ihrer Rechtsanspr\u00fcche.<\/p>\n<p>Aufdeckung von Wirtschaftskriminalit\u00e4t, Mitarbeiter\u00fcberwachung bei berechtigtem Interesse und Betrugsbek\u00e4mpfung, teilweise in Zusammenarbeit mit Anwaltskanzleien, f\u00fcr Handwerk, Wirtschaft und Industrie. Informationsbeschaffung f\u00fcr Privatpersonen im Familienrecht, Unterhalts- und Sorgerecht oder auch einfach nur, wenn Sie den Verdacht der Untreue Ihres Partners haben und Ihre Zweifel ausr\u00e4umen m\u00f6chten.<\/p>\n<p>Die eingesetzten Sachbearbeiter sind ausgebildete Berufsdetektive sowie ehemalige Polizei- und Kriminalbeamte mit jahrelanger Erfahrung.<\/p>\n<p>Durch Mitgliedschaften in Berufsdetektivverb\u00e4nden sowie ein deutschland- und weltweites Netzwerk an Kooperationspartnern und Einsatzkr\u00e4ften erm\u00f6glicht uns jederzeit kurzfristig vor Ort, wo auch immer, diskret und professionell t\u00e4tig zu werden Sie erhalten von uns faire Konditionen bei transparenter Rechnungslegung nach Vorgaben von Berufsdetektivverb\u00e4nden und Berechnung immer erst ab Einsatzort.<\/p>\n<p>Das Erstgespr\u00e4ch mit einer einhergehender Beratung ist selbstverst\u00e4ndlich kostenfrei und w\u00e4hrend eines Ermittlungs- bzw. Observationseinsatzes werden Sie stets auf dem Laufenden gehalten . Wir garantieren Ihnen dar\u00fcber hinaus absolute Diskretion .<\/p>\n<p>Kontaktieren Sie eine der renommiertesten Detekteien Deutschlands noch heute unverbindlich und erkundigen sich \u00fcber unsere unkonventionellen M\u00f6glichkeiten als Partner an Ihrer Seite Ihren speziellen Fall zu analysieren und zu l\u00f6sen.<\/p>\n<div class=\"wrc-column-grid wrc-column-grid-2\">\n<div  class=\"wrc-column wrc-column-width-1 wrc-column-start\" >\n<p style=\"text-align: center;\"><img loading=\"lazy\" decoding=\"async\" class=\"alignnone size-medium wp-image-35\" src=\"https:\/\/detektei-team24.com\/wordpress\/wp-content\/uploads\/2024\/07\/mitarbeiterueberwachung-kontrolledesaussendienstes-300x200.jpg\" alt=\"\" width=\"300\" height=\"200\" srcset=\"https:\/\/detektei-team24.com\/wordpress\/wp-content\/uploads\/2024\/07\/mitarbeiterueberwachung-kontrolledesaussendienstes-300x200.jpg 300w, https:\/\/detektei-team24.com\/wordpress\/wp-content\/uploads\/2024\/07\/mitarbeiterueberwachung-kontrolledesaussendienstes.jpg 500w\" sizes=\"auto, (max-width: 300px) 100vw, 300px\" \/><\/p>\n<p style=\"text-align: center;\"><strong><span style=\"color: #006699; font-size: 12pt;\">MITARBEITER\u00dcBERWACHUNG <\/span><\/strong><br \/>\n<strong><span style=\"color: #006699; font-size: 12pt;\">KONTROLLE DES AUSSENDIENSTES<\/span><\/strong><\/p>\n<p>Bei firmeninternen Diebst\u00e4hlen oder vors\u00e4tzlich erh\u00f6hten Spesenabrechnungen von Mitarbeitern kann eine \u00dcberwachung und Kontrolle der potenziellen Personen durchaus Sinn machen.[\u2026]<\/p>\n<p><span style=\"color: #006699;\"><a style=\"color: #006699;\" title=\"Mitarbeiter\u00fcberwachung Kontrolle des Au\u00dfendienstes\" href=\"https:\/\/detektei-team24.com\/wordpress\/ermittlungsbereiche\/mitarbeiterueberwachung-kontrolle-des-aussendienstes\/\">Weiterlesen<\/a><\/span> \u00bb<\/p>\n<\/div>\n<div  class=\"wrc-column wrc-column-width-1 wrc-column-end\" >\n<p style=\"text-align: center;\"><img loading=\"lazy\" decoding=\"async\" class=\"alignnone size-medium wp-image-40\" src=\"https:\/\/detektei-team24.com\/wordpress\/wp-content\/uploads\/2024\/07\/vertrags_und_wettbewerbsverstoesse-300x200.jpg\" alt=\"\" width=\"300\" height=\"200\" srcset=\"https:\/\/detektei-team24.com\/wordpress\/wp-content\/uploads\/2024\/07\/vertrags_und_wettbewerbsverstoesse-300x200.jpg 300w, https:\/\/detektei-team24.com\/wordpress\/wp-content\/uploads\/2024\/07\/vertrags_und_wettbewerbsverstoesse.jpg 500w\" sizes=\"auto, (max-width: 300px) 100vw, 300px\" \/><\/p>\n<p style=\"text-align: center;\"><span style=\"font-size: 12pt;\"><strong><span style=\"color: #006699;\">VERTRAGS- UND<br \/>\nWETTBEWERBSVERST\u00d6SSE<\/span><\/strong><\/span><\/p>\n<p style=\"text-align: left;\">Wenn es Hinweise gibt, dass eine Partei die Spielregeln nicht einh\u00e4lt, k\u00f6nnen unsere Detektive sofort f\u00fcr Sie t\u00e4tig werden und etwaige Verst\u00f6\u00dfe mit gerichtsverwertbaren Beweisen f\u00fcr Sie aufdecken. [\u2026]<\/p>\n<p><span style=\"vertical-align: inherit;\"><a title=\"Vertrags- und Wettbewerbsverst\u00f6\u00dfe\" href=\"https:\/\/detektei-team24.com\/wordpress\/ermittlungsbereiche\/vertrags-und-wettbewerbsverstoesse\/\">Weiterlesen<\/a> \u00bb<\/span><\/p>\n<\/div>\n<\/div>\n<p><!-- .wrc-column-grid --><\/p>\n<div class=\"wrc-column-grid wrc-column-grid-2\">\n<div  class=\"wrc-column wrc-column-width-1 wrc-column-start\" >\n<p style=\"text-align: center;\"><img loading=\"lazy\" decoding=\"async\" class=\"alignnone size-medium wp-image-37\" src=\"https:\/\/detektei-team24.com\/wordpress\/wp-content\/uploads\/2024\/07\/schwarzarbeit-300x200.jpg\" alt=\"\" width=\"300\" height=\"200\" srcset=\"https:\/\/detektei-team24.com\/wordpress\/wp-content\/uploads\/2024\/07\/schwarzarbeit-300x200.jpg 300w, https:\/\/detektei-team24.com\/wordpress\/wp-content\/uploads\/2024\/07\/schwarzarbeit.jpg 473w\" sizes=\"auto, (max-width: 300px) 100vw, 300px\" \/><\/p>\n<p style=\"text-align: center;\"><span style=\"color: #006699;\"><strong><span style=\"font-size: 12pt;\">LOHNFORTZAHLUNGSBETRUG KRANKENSTANDS- \u00dcBERWACHNUNG SCHWARZARBEITAUFDECKUNG<\/span><\/strong><\/span><\/p>\n<p>Durch Lohnfortzahlungsbetrug und Schwarzarbeit entstehen j\u00e4hrlich Millionen an finanziellen Sch\u00e4den. Bei Verdacht ermitteln wir zeitnah und diskret.<br \/>\n[\u2026]<\/p>\n<p><span style=\"vertical-align: inherit;\"><a title=\"Lohnfortzahlungsbetrug \u2013 Krankenstand\u00fcberwachung \u2013 Schwarzarbeitaufdeckung\" href=\"https:\/\/detektei-team24.com\/wordpress\/ermittlungsbereiche\/lohnfortzahlungsbetrug-krankenstandueberwachung-schwarzarbeitaufdeckung\/\">Weiterlesen<\/a> \u00bb<\/span><\/p>\n<\/div>\n<div  class=\"wrc-column wrc-column-width-1 wrc-column-end\" >\n<p style=\"text-align: center;\"><img loading=\"lazy\" decoding=\"async\" class=\"alignnone size-medium wp-image-39\" src=\"https:\/\/detektei-team24.com\/wordpress\/wp-content\/uploads\/2024\/07\/versicherungs_und_anlagebetrug-wirtschaftskriminalitaet-300x200.jpg\" alt=\"\" width=\"300\" height=\"200\" srcset=\"https:\/\/detektei-team24.com\/wordpress\/wp-content\/uploads\/2024\/07\/versicherungs_und_anlagebetrug-wirtschaftskriminalitaet-300x200.jpg 300w, https:\/\/detektei-team24.com\/wordpress\/wp-content\/uploads\/2024\/07\/versicherungs_und_anlagebetrug-wirtschaftskriminalitaet.jpg 500w\" sizes=\"auto, (max-width: 300px) 100vw, 300px\" \/><\/p>\n<p style=\"text-align: center;\"><span style=\"color: #006699;\"><strong><span style=\"font-size: 12pt;\">VERSICHERUNGS- \/ ANLAGEBETRUG<\/span><\/strong><\/span><br \/>\n<span style=\"color: #006699;\"><strong><span style=\"font-size: 12pt;\">WIRTSCHAFTSKRIMINALIT\u00c4T<\/span><\/strong><\/span><\/p>\n<p>Gerade Versicherungen und Banken leiden h\u00e4ufig unter diesen Betrugsmodellen und beauftragen unsere Ermittler von Detektei Team 24 nicht selten unter genau diesem Hintergrund. [\u2026]<\/p>\n<p><span style=\"vertical-align: inherit;\"><a title=\"Versicherungs- \/ Anlagebetrug Wirtschaftskriminalit\u00e4t\" href=\"https:\/\/detektei-team24.com\/wordpress\/ermittlungsbereiche\/versicherungs-anlagebetrug-wirtschaftskriminalitaet\/\">Weiterlesen<\/a> \u00bb<\/span><\/p>\n<\/div>\n<\/div>\n<p><!-- .wrc-column-grid --><\/p>\n<div class=\"wrc-column-grid wrc-column-grid-2\">\n<div  class=\"wrc-column wrc-column-width-1 wrc-column-start\" >\n<p style=\"text-align: center;\"><img loading=\"lazy\" decoding=\"async\" class=\"alignnone size-medium wp-image-25\" src=\"https:\/\/detektei-team24.com\/wordpress\/wp-content\/uploads\/2024\/07\/auskunftei-vermoegensrecherchen-300x200.jpg\" alt=\"\" width=\"300\" height=\"200\" srcset=\"https:\/\/detektei-team24.com\/wordpress\/wp-content\/uploads\/2024\/07\/auskunftei-vermoegensrecherchen-300x200.jpg 300w, https:\/\/detektei-team24.com\/wordpress\/wp-content\/uploads\/2024\/07\/auskunftei-vermoegensrecherchen.jpg 500w\" sizes=\"auto, (max-width: 300px) 100vw, 300px\" \/><\/p>\n<p style=\"text-align: center;\"><span style=\"font-size: 12pt; color: #006699;\"><strong>VERM\u00d6GENSRECHERCHEN<\/strong><\/span><br \/>\n<span style=\"font-size: 12pt; color: #006699;\"><strong>AUSKUNFTEI F\u00dcR ANWALTSKANZLEIEN<\/strong><\/span><\/p>\n<p>Sie ben\u00f6tigen schnell, diskret und kompetent Informationen zu einer Zielperson oder ben\u00f6tigen eine Observation dieser um dessen angegebene Verm\u00f6gensverh\u00e4ltnisse zu \u00fcberpr\u00fcfen ? [\u2026]<\/p>\n<p><span style=\"vertical-align: inherit;\"><a title=\"Verm\u00f6gensrecherchen \u2013 Auskunftei f\u00fcr Anwaltskanzleien\" href=\"https:\/\/detektei-team24.com\/wordpress\/ermittlungsbereiche\/vermoegensrecherchen_und_auskunftei\/\">Weiterlesen<\/a> \u00bb<\/span><\/p>\n<\/div>\n<div  class=\"wrc-column wrc-column-width-1 wrc-column-end\" >\n<p style=\"text-align: center;\"><img loading=\"lazy\" decoding=\"async\" class=\"alignnone size-medium wp-image-24\" src=\"https:\/\/detektei-team24.com\/wordpress\/wp-content\/uploads\/2024\/07\/arbeits_familien_unterhaltsrecht-300x200.jpg\" alt=\"\" width=\"300\" height=\"200\" srcset=\"https:\/\/detektei-team24.com\/wordpress\/wp-content\/uploads\/2024\/07\/arbeits_familien_unterhaltsrecht-300x200.jpg 300w, https:\/\/detektei-team24.com\/wordpress\/wp-content\/uploads\/2024\/07\/arbeits_familien_unterhaltsrecht.jpg 500w\" sizes=\"auto, (max-width: 300px) 100vw, 300px\" \/><\/p>\n<p style=\"text-align: center;\"><span style=\"font-size: 12pt; color: #006699;\"><strong>FAMILIENRECHT UNTERHALTSRECHT<br \/>\nSORGERECHTS-ANGELEGENHEITEN<\/strong><\/span><\/p>\n<p>Wir ermitteln in allen Familien-, Unterhalts- sowie Sorgerechtsangelegenheiten. Wir wissen wie heikel diese F\u00e4lle sind und l\u00f6sen diese schnell, diskret und zuverl\u00e4ssig !<br \/>\n[\u2026]<\/p>\n<p><span style=\"vertical-align: inherit;\"><a title=\"Familienrecht \u2013 Unterhaltsrecht \u2013 Sorgerechtsangelegenheiten\" href=\"https:\/\/detektei-team24.com\/wordpress\/ermittlungsbereiche\/familienrecht-unterhaltsrecht-sorgerechtsangelegenheiten\/\">Weiterlesen<\/a> \u00bb<\/span><\/p>\n<\/div>\n<\/div>\n<p><!-- .wrc-column-grid --><\/p>\n<div class=\"wrc-column-grid wrc-column-grid-2\">\n<div  class=\"wrc-column wrc-column-width-1 wrc-column-start\" >\n<p style=\"text-align: center;\"><img loading=\"lazy\" decoding=\"async\" class=\"alignnone size-medium wp-image-36\" src=\"https:\/\/detektei-team24.com\/wordpress\/wp-content\/uploads\/2024\/07\/personensuche-schuldnerermittlung-300x200.jpg\" alt=\"\" width=\"300\" height=\"200\" srcset=\"https:\/\/detektei-team24.com\/wordpress\/wp-content\/uploads\/2024\/07\/personensuche-schuldnerermittlung-300x200.jpg 300w, https:\/\/detektei-team24.com\/wordpress\/wp-content\/uploads\/2024\/07\/personensuche-schuldnerermittlung.jpg 500w\" sizes=\"auto, (max-width: 300px) 100vw, 300px\" \/><\/p>\n<p style=\"text-align: center;\"><strong><span style=\"font-size: 12pt; color: #006699;\">PERSONENSUCHE DEUTSCHLANDWEIT \/ WELTWEIT<\/span><\/strong><br \/>\n<strong><span style=\"font-size: 12pt; color: #006699;\">SCHULDNERERMITTLUNGEN<\/span><\/strong><\/p>\n<p>Sie vermissen Jemanden oder sind schlicht auf der Suche nach einem Verwandten oder suchen einen Schuldner ? Dann kontaktieren Sie uns zeitnah und die Ermittlungen k\u00f6nnen beginnen. [\u2026]<\/p>\n<p><a title=\"Personensuche deutschlandweit \u2013 weltweite Schuldnerermittlungen\" href=\"https:\/\/detektei-team24.com\/wordpress\/ermittlungsbereiche\/personensuche-schuldnerermittlung\/\">Weiterlesen<\/a> \u00bb<\/p>\n<\/div>\n<div  class=\"wrc-column wrc-column-width-1 wrc-column-end\" >\n<p style=\"text-align: center;\"><img loading=\"lazy\" decoding=\"async\" class=\"alignnone size-medium wp-image-38\" src=\"https:\/\/detektei-team24.com\/wordpress\/wp-content\/uploads\/2024\/07\/Untreue-Fremdgehen-Ehe-Partnerprobleme-300x200.jpg\" alt=\"\" width=\"300\" height=\"200\" srcset=\"https:\/\/detektei-team24.com\/wordpress\/wp-content\/uploads\/2024\/07\/Untreue-Fremdgehen-Ehe-Partnerprobleme-300x200.jpg 300w, https:\/\/detektei-team24.com\/wordpress\/wp-content\/uploads\/2024\/07\/Untreue-Fremdgehen-Ehe-Partnerprobleme.jpg 500w\" sizes=\"auto, (max-width: 300px) 100vw, 300px\" \/><\/p>\n<p style=\"text-align: center;\"><span style=\"font-size: 12pt; color: #006699;\"><strong>UNTREUE \/ EHEBETRUG \/<br \/>\nFREMDGEHEN<\/strong><\/span><\/p>\n<p>Wir ermitteln in allen F\u00e4llen von Untreue, Ehebetrug, Fremdgehen und observieren und \u00fcberwachen die gew\u00fcnschte Zielperson l\u00fcckenlos und liefern Ihnen so zeitnah gerichtsverwertbare Beweise, um Ihren Anspruch zu sichern. [\u2026]<\/p>\n<p><span style=\"vertical-align: inherit;\"><a title=\"Untreue \u2013 Ehebetrug \u2013 Fremdgehen\" href=\"https:\/\/detektei-team24.com\/wordpress\/ermittlungsbereiche\/untreue-ehebetrug-fremdgehen\/\">Weiterlesen<\/a> \u00bb<\/span><\/p>\n<\/div>\n<\/div>\n<p><!-- .wrc-column-grid --><\/p>\n","protected":false},"excerpt":{"rendered":"<p>IHRE DETEKTEI F\u00dcR NATIONALE UND INTERNATIONALE PRIVAT- UND WIRTSCHAFTSERMITTLUNGEN Die Detektive von Detektei-Team24 sind Ihr kompetenter und diskreter Ansprechpartner f\u00fcr gerichtsverwertbare Beweissicherung und Dokumentation zur Realisierung Ihrer Rechtsanspr\u00fcche. Aufdeckung von Wirtschaftskriminalit\u00e4t, Mitarbeiter\u00fcberwachung bei berechtigtem Interesse und Betrugsbek\u00e4mpfung, teilweise in Zusammenarbeit mit Anwaltskanzleien, f\u00fcr Handwerk, Wirtschaft und Industrie. Informationsbeschaffung f\u00fcr Privatpersonen im Familienrecht, Unterhalts- und Sorgerecht&#8230;<\/p>\n","protected":false},"author":1,"featured_media":0,"parent":0,"menu_order":0,"comment_status":"closed","ping_status":"closed","template":"","meta":{"footnotes":""},"class_list":["post-21","page","type-page","status-publish","hentry"],"aioseo_notices":[],"_links":{"self":[{"href":"https:\/\/detektei-team24.com\/wordpress\/wp-json\/wp\/v2\/pages\/21","targetHints":{"allow":["GET"]}}],"collection":[{"href":"https:\/\/detektei-team24.com\/wordpress\/wp-json\/wp\/v2\/pages"}],"about":[{"href":"https:\/\/detektei-team24.com\/wordpress\/wp-json\/wp\/v2\/types\/page"}],"author":[{"embeddable":true,"href":"https:\/\/detektei-team24.com\/wordpress\/wp-json\/wp\/v2\/users\/1"}],"replies":[{"embeddable":true,"href":"https:\/\/detektei-team24.com\/wordpress\/wp-json\/wp\/v2\/comments?post=21"}],"version-history":[{"count":11,"href":"https:\/\/detektei-team24.com\/wordpress\/wp-json\/wp\/v2\/pages\/21\/revisions"}],"predecessor-version":[{"id":758,"href":"https:\/\/detektei-team24.com\/wordpress\/wp-json\/wp\/v2\/pages\/21\/revisions\/758"}],"wp:attachment":[{"href":"https:\/\/detektei-team24.com\/wordpress\/wp-json\/wp\/v2\/media?parent=21"}],"curies":[{"name":"wp","href":"https:\/\/api.w.org\/{rel}","templated":true}]}}