{"id":138,"date":"2024-07-02T10:34:16","date_gmt":"2024-07-02T10:34:16","guid":{"rendered":"https:\/\/detektei-team24.com\/wordpress\/?page_id=138"},"modified":"2024-07-02T10:35:20","modified_gmt":"2024-07-02T10:35:20","slug":"detektei-muenchen-detektiv","status":"publish","type":"page","link":"https:\/\/detektei-team24.com\/wordpress\/deutschland\/detektei-muenchen-detektiv\/","title":{"rendered":"Detektei-M\u00fcnchen-Detektiv"},"content":{"rendered":"<p style=\"text-align: center;\"><span style=\"font-size: 18pt;\"><strong><span style=\"color: #006699;\">DIE DETEKTIVE DER DETEKTEI TEAM 24<\/span><\/strong><\/span><br \/>\n<span style=\"font-size: 18pt;\"><strong><span style=\"color: #006699;\">SIND VOR ORT F\u00dcR SIE IM EINSATZ!<\/span><\/strong><\/span><\/p>\n<p><img loading=\"lazy\" decoding=\"async\" class=\"aligncenter wp-image-139 size-full\" src=\"https:\/\/detektei-team24.com\/wordpress\/wp-content\/uploads\/2024\/07\/detektei_muenchen_detektiv.jpg\" alt=\"\" width=\"500\" height=\"209\" srcset=\"https:\/\/detektei-team24.com\/wordpress\/wp-content\/uploads\/2024\/07\/detektei_muenchen_detektiv.jpg 500w, https:\/\/detektei-team24.com\/wordpress\/wp-content\/uploads\/2024\/07\/detektei_muenchen_detektiv-300x125.jpg 300w\" sizes=\"auto, (max-width: 500px) 100vw, 500px\" \/><\/p>\n<p style=\"text-align: center;\"><span style=\"font-size: 14pt;\"><strong><span style=\"color: #006699;\">WIR \u00dcBERZEUGEN DURCH PROFESSIONELLE BEWEISBESCHAFFUNG<\/span><\/strong><\/span><br \/>\n<span style=\"font-size: 14pt;\"><strong><span style=\"color: #006699;\">UND GARANTIEREN ABSOLUTE DISKRETION!<\/span><\/strong><\/span><\/p>\n<p style=\"text-align: center;\"><span style=\"font-size: 14pt;\"><strong><span style=\"color: #006699;\">OPERATIVES EINSATZGEBIET DER DETEKTIVE DER DETEKTEI TEAM 24<\/span><\/strong><\/span><br \/>\n<em><span style=\"font-size: 14pt;\"><strong><span style=\"color: #006699;\">&#8211; DER FREISTAAT BAYERN, M\u00dcNCHEN IN OBERBAYERN* &#8211;<\/span><\/strong><\/span><\/em><\/p>\n<p>Mehr als 2,7 Million Menschen leben im Ballungsraum M\u00fcnchen. M\u00fcnchen ist eine der sichersten Kommunen unter den deutschen Gro\u00dfst\u00e4dten. Dennoch waren die Dienste der Detektive der Detektei Team 24 unl\u00e4ngst auch hier, genauer im Bezirk Bogenhausen, gefragt.<\/p>\n<p>Ein betagter alteingesessener M\u00fcnchner beauftragte die Ermittler der Detektei Team 24 mit einer Personensuche. Der Auftraggeber hatte ein beachtliches Verm\u00f6gen angeh\u00e4uft aber keine direkten Nachkommen. Mit Hilfe der Detektive und Detektivinnen der Detektei Team 24 wollte er nun einen Neffen ausfindig machen, von welchem er nur vage Angaben machen konnte. Die Einsatzleitung der Detektei schickte umgehend einen in M\u00fcnchen-Daglfing wohnenden Ermittler zum Erstgespr\u00e4ch, da der betagte Herr der Telefonverbindung wenig Vertrauen schenkte. Wenige Tage sp\u00e4ter begannen die Ermittler zusammen mit den M\u00fcnchner Kollegen mit umfangreichen Recherchen. Nach fast dreiw\u00f6chiger Suche konnten die Detektive dem Auftraggeber jedoch eine erfreulichen Nachricht \u00fcberbringen. Der Neffe des alten Herrn war gefunden. Die Ermittler der Detektei Team 24 konnten diesen in Verona in Italien ausmachen. Er freute sich \u00fcber die Kontaktaufnahme seines Onkels und begab sich mit dem n\u00e4chsten Flugzeug umgehend in die bayerische Landeshauptstadt an der Isar.<\/p>\n<p>Somit konnten die geschulten Detektive der Detektei Team 24 auch in M\u00fcnchen einen nicht gerade einfachen Fall schnell und zur vollsten Zufriedenheit des M\u00fcnchner Kunden l\u00f6sen. Aber auch hier zeigte sich wieder der Vorteil einer weltweiten Vernetzung mit hochqualifizierten Detektiven.<\/p>\n<hr \/>\n<p><strong>*BETRIEBSST\u00c4TTENHINWEIS<\/strong><\/p>\n<p>Wir machen darauf aufmerksam, das es sich bei den im Internetauftritt von www.detektei-team24.com aufgef\u00fchrten Einsatzgebieten und St\u00e4dten nicht um Firmensitze oder Niederlassungen handelt. Durch den Verzicht kostenaufw\u00e4ndiger B\u00fcros kommt Ihnen eine faire und kosteng\u00fcnstige Honorargestaltung zu Gute. Alle Eins\u00e4tze der Detektei werden von unserer Zentrale in Alzenau aus koordiniert und verwaltet. Ihnen entstehen bspw. keine Kosten f\u00fcr An- und Abfahrt, Foto- bzw. Videodokumentation. Ihr erfahrener Ansprechpartner wird Sie diskret und professionell zum Thema Detektivdienstleistung beraten.<\/p>\n<p style=\"text-align: center;\"><strong><span style=\"font-size: 14pt; color: #006699;\">DETEKTEI TEAM 24<\/span><\/strong><\/p>\n<p style=\"text-align: center;\"><strong><span style=\"font-size: 14pt; color: #006699;\">IHR ERMITTLUNGSPEZIALIST F\u00dcR <a title=\"Detektei-M\u00fcnchen-Detektiv\" href=\"https:\/\/detektei-team24.com\/wordpress\/detektei-muenchen-detektiv\/\">M\u00dcNCHEN<\/a>* UND BAYERN!<\/span><\/strong><\/p>\n<p><img loading=\"lazy\" decoding=\"async\" class=\"size-full wp-image-51 alignright\" src=\"https:\/\/detektei-team24.com\/wordpress\/wp-content\/uploads\/2024\/07\/handshake.jpg\" alt=\"\" width=\"180\" height=\"120\" \/>Kostenlose Erstberatung und Einsch\u00e4tzung von einem unserer erfahrenen Detektive :<\/p>\n<p style=\"text-align: center;\"><a href=\"mailto:info@detektei-team24.com\">&#8211; Schnell-Kontakt via Email &#8211;<\/a><\/p>\n","protected":false},"excerpt":{"rendered":"<p>DIE DETEKTIVE DER DETEKTEI TEAM 24 SIND VOR ORT F\u00dcR SIE IM EINSATZ! WIR \u00dcBERZEUGEN DURCH PROFESSIONELLE BEWEISBESCHAFFUNG UND GARANTIEREN ABSOLUTE DISKRETION! OPERATIVES EINSATZGEBIET DER DETEKTIVE DER DETEKTEI TEAM 24 &#8211; DER FREISTAAT BAYERN, M\u00dcNCHEN IN OBERBAYERN* &#8211; Mehr als 2,7 Million Menschen leben im Ballungsraum M\u00fcnchen. M\u00fcnchen ist eine der sichersten Kommunen unter den&#8230;<\/p>\n","protected":false},"author":1,"featured_media":0,"parent":44,"menu_order":0,"comment_status":"closed","ping_status":"closed","template":"","meta":{"footnotes":""},"class_list":["post-138","page","type-page","status-publish","hentry"],"aioseo_notices":[],"_links":{"self":[{"href":"https:\/\/detektei-team24.com\/wordpress\/wp-json\/wp\/v2\/pages\/138","targetHints":{"allow":["GET"]}}],"collection":[{"href":"https:\/\/detektei-team24.com\/wordpress\/wp-json\/wp\/v2\/pages"}],"about":[{"href":"https:\/\/detektei-team24.com\/wordpress\/wp-json\/wp\/v2\/types\/page"}],"author":[{"embeddable":true,"href":"https:\/\/detektei-team24.com\/wordpress\/wp-json\/wp\/v2\/users\/1"}],"replies":[{"embeddable":true,"href":"https:\/\/detektei-team24.com\/wordpress\/wp-json\/wp\/v2\/comments?post=138"}],"version-history":[{"count":3,"href":"https:\/\/detektei-team24.com\/wordpress\/wp-json\/wp\/v2\/pages\/138\/revisions"}],"predecessor-version":[{"id":142,"href":"https:\/\/detektei-team24.com\/wordpress\/wp-json\/wp\/v2\/pages\/138\/revisions\/142"}],"up":[{"embeddable":true,"href":"https:\/\/detektei-team24.com\/wordpress\/wp-json\/wp\/v2\/pages\/44"}],"wp:attachment":[{"href":"https:\/\/detektei-team24.com\/wordpress\/wp-json\/wp\/v2\/media?parent=138"}],"curies":[{"name":"wp","href":"https:\/\/api.w.org\/{rel}","templated":true}]}}