{"id":133,"date":"2024-07-02T10:29:06","date_gmt":"2024-07-02T10:29:06","guid":{"rendered":"https:\/\/detektei-team24.com\/wordpress\/?page_id=133"},"modified":"2024-07-02T10:30:48","modified_gmt":"2024-07-02T10:30:48","slug":"detektei-mannheim-detektiv","status":"publish","type":"page","link":"https:\/\/detektei-team24.com\/wordpress\/deutschland\/detektei-mannheim-detektiv\/","title":{"rendered":"Detektei-Mannheim-Detektiv"},"content":{"rendered":"<p style=\"text-align: center;\"><span style=\"color: #006699;\"><strong><span style=\"font-size: 18pt;\">DIE DETEKTIVE DER DETEKTEI TEAM 24 SIND DEUTSCHLANDWEIT IM EINSATZ!<\/span><\/strong><\/span><\/p>\n<p style=\"text-align: center;\"><img loading=\"lazy\" decoding=\"async\" class=\"alignnone wp-image-134 size-full\" src=\"https:\/\/detektei-team24.com\/wordpress\/wp-content\/uploads\/2024\/07\/detektei_mannheim_detektiv.jpg\" alt=\"\" width=\"500\" height=\"333\" srcset=\"https:\/\/detektei-team24.com\/wordpress\/wp-content\/uploads\/2024\/07\/detektei_mannheim_detektiv.jpg 500w, https:\/\/detektei-team24.com\/wordpress\/wp-content\/uploads\/2024\/07\/detektei_mannheim_detektiv-300x200.jpg 300w\" sizes=\"auto, (max-width: 500px) 100vw, 500px\" \/><\/p>\n<p style=\"text-align: center;\"><strong><span style=\"color: #006699;\">WIR \u00dcBERZEUGEN DURCH PROFESSIONELLE BEWEISBESCHAFFUNG UND GARANTIEREN ABSOLUTE DISKRETION!<\/span><\/strong><\/p>\n<p style=\"text-align: center;\"><strong><span style=\"color: #006699;\">OPERATIVES EINSATZGEBIET DER DETEKTIVE DER DETEKTEI TEAM 24<\/span><\/strong><br \/>\n<em><strong><span style=\"color: #006699;\">&#8211; DIE QUADRATE- UND UNIVERSIT\u00c4TSSTADT MANNHEIM* &#8211;<\/span><\/strong><\/em><\/p>\n<p>Mannheim, in Baden W\u00fcrttemberg gelegen, kurpf\u00e4lsich auch \u201eMannem\u201c oder \u201eMonnem\u201c genannt, ist die drittgr\u00f6\u00dfte Stadt des Bundeslandes. Seit 1896 ist Mannheim eine Gro\u00dfstadt und heute eine bedeutende Industrie- und Handelsstadt sowie ein wichtiger Verkehrsknotenpunkt zwischen Stuttgart und Frankfurt am Main.<\/p>\n<p>Ermittler der Detektei Team 24 hatten es in Mannheim mit einem dreisten Diebstahl von Elektrowaren bei einer gro\u00dfen Mannheimer Spedition zu tun. Die Detektive und Detektivinnen wurden von der Gesch\u00e4ftsleitung als Mitarbeiter eingeschleust um den Betriebsinternen Diebstahl aufzudecken. Nach mehren Tagen in dem Mannheimer Betrieb und mit der Hilfe von verdeckter Kameratechnik konnten die Ermittler zwei verd\u00e4chtige Mitarbeiter ausfindig machen und diese genauer unter die Lupe nehmen. Die beiden Mannheimer deklarierten verschiedene Elektroartikel als Schaden und entsorgten diese, zumindest auf den Papieren, ordnungsgem\u00e4\u00df. In Wahrheit jedoch verluden die beiden Gauner die Ware in Ihre privaten PKW. Die in Mannheim Ortskundigen Detektive verfolgten die Mitarbeiter bis Neckarstadt-West. Die aussagekr\u00e4ftige Dokumentation und die gerichtsverwertbare Beweissicherung der Ermittler der Detektei Team 24 f\u00fchrten umgehend zur Beurlaubung und K\u00fcndigung der beiden Mitarbeiter der Mannheimer Spedition.<\/p>\n<p>Durch die ortskundigen Detektive vor Ort in Mannheim konnten die Beschuldigten auch im dichten Stadtverkehr l\u00fcckenlos observiert werden. Ein Netzwerk an renommierten Ermittlern der Detektei Team 24 ist deutschlandweit in wenigen Stunden einsatzbereit. Somit k\u00f6nnen auch brisante F\u00e4lle wie hier in Mannheim schnell, diskret und kosteneffizient durch unsere Detektive der Detektei Team 24 gel\u00f6st werden.<\/p>\n<hr \/>\n<p><strong>*BETRIEBSST\u00c4TTENHINWEIS<\/strong><\/p>\n<p>Wir machen darauf aufmerksam, das es sich bei den im Internetauftritt von <a href=\"https:\/\/detektei-team24.com\/\">www.detektei-team24.com<\/a> aufgef\u00fchrten Einsatzgebieten und St\u00e4dten nicht um Firmensitze oder Niederlassungen handelt. Durch den Verzicht kostenaufw\u00e4ndiger B\u00fcros kommt Ihnen eine faire und kosteng\u00fcnstige Honorargestaltung zu Gute. Alle Eins\u00e4tze der Detektei werden von unserer Zentrale in Alzenau aus koordiniert und verwaltet. Ihnen entstehen bspw. keine Kosten f\u00fcr An- und Abfahrt, Foto- bzw. Videodokumentation. Ihr erfahrener Ansprechpartner wird Sie diskret und professionell zum Thema Detektivdienstleistung beraten.<\/p>\n<p style=\"text-align: center;\"><span style=\"color: #006699;\"><strong><span style=\"font-size: 14pt;\">DETEKTEI TEAM 24<\/span><\/strong><\/span><\/p>\n<p style=\"text-align: center;\"><span style=\"color: #006699;\"><strong><span style=\"font-size: 14pt;\">IHR ERMITTLUNGSPEZIALIST F\u00dcR MANNHEIM* UND BADEN-W\u00dcRTTEMBERG !<\/span><\/strong><\/span><\/p>\n<p><img loading=\"lazy\" decoding=\"async\" class=\"size-full wp-image-51 alignright\" src=\"https:\/\/detektei-team24.com\/wordpress\/wp-content\/uploads\/2024\/07\/handshake.jpg\" alt=\"\" width=\"180\" height=\"120\" \/>Kostenlose Erstberatung und Einsch\u00e4tzung von einem unserer erfahrenen Detektive :<\/p>\n<p style=\"text-align: center;\"><a href=\"mailto:info@detektei-team24.com\">&#8211; Schnell-Kontakt via Email &#8211;<\/a><\/p>\n","protected":false},"excerpt":{"rendered":"<p>DIE DETEKTIVE DER DETEKTEI TEAM 24 SIND DEUTSCHLANDWEIT IM EINSATZ! WIR \u00dcBERZEUGEN DURCH PROFESSIONELLE BEWEISBESCHAFFUNG UND GARANTIEREN ABSOLUTE DISKRETION! OPERATIVES EINSATZGEBIET DER DETEKTIVE DER DETEKTEI TEAM 24 &#8211; DIE QUADRATE- UND UNIVERSIT\u00c4TSSTADT MANNHEIM* &#8211; Mannheim, in Baden W\u00fcrttemberg gelegen, kurpf\u00e4lsich auch \u201eMannem\u201c oder \u201eMonnem\u201c genannt, ist die drittgr\u00f6\u00dfte Stadt des Bundeslandes. Seit 1896 ist Mannheim&#8230;<\/p>\n","protected":false},"author":1,"featured_media":0,"parent":44,"menu_order":0,"comment_status":"closed","ping_status":"closed","template":"","meta":{"footnotes":""},"class_list":["post-133","page","type-page","status-publish","hentry"],"aioseo_notices":[],"_links":{"self":[{"href":"https:\/\/detektei-team24.com\/wordpress\/wp-json\/wp\/v2\/pages\/133","targetHints":{"allow":["GET"]}}],"collection":[{"href":"https:\/\/detektei-team24.com\/wordpress\/wp-json\/wp\/v2\/pages"}],"about":[{"href":"https:\/\/detektei-team24.com\/wordpress\/wp-json\/wp\/v2\/types\/page"}],"author":[{"embeddable":true,"href":"https:\/\/detektei-team24.com\/wordpress\/wp-json\/wp\/v2\/users\/1"}],"replies":[{"embeddable":true,"href":"https:\/\/detektei-team24.com\/wordpress\/wp-json\/wp\/v2\/comments?post=133"}],"version-history":[{"count":2,"href":"https:\/\/detektei-team24.com\/wordpress\/wp-json\/wp\/v2\/pages\/133\/revisions"}],"predecessor-version":[{"id":136,"href":"https:\/\/detektei-team24.com\/wordpress\/wp-json\/wp\/v2\/pages\/133\/revisions\/136"}],"up":[{"embeddable":true,"href":"https:\/\/detektei-team24.com\/wordpress\/wp-json\/wp\/v2\/pages\/44"}],"wp:attachment":[{"href":"https:\/\/detektei-team24.com\/wordpress\/wp-json\/wp\/v2\/media?parent=133"}],"curies":[{"name":"wp","href":"https:\/\/api.w.org\/{rel}","templated":true}]}}